{"id":11,"date":"2021-10-19T15:48:04","date_gmt":"2021-10-19T13:48:04","guid":{"rendered":"https:\/\/famillefaisant.com\/?page_id=11"},"modified":"2024-05-23T14:32:50","modified_gmt":"2024-05-23T12:32:50","slug":"notre-vision","status":"publish","type":"page","link":"https:\/\/famillefaisant.com\/en_en\/notre-vision\/","title":{"rendered":"Notre vision"},"content":{"rendered":"\t\t<div data-elementor-type=\"wp-page\" data-elementor-id=\"11\" class=\"elementor elementor-11\" data-elementor-post-type=\"page\">\n\t\t\t\t\t\t<section class=\"elementor-section elementor-top-section elementor-element elementor-element-020a63b elementor-section-boxed elementor-section-height-default elementor-section-height-default\" data-id=\"020a63b\" data-element_type=\"section\" data-e-type=\"section\" data-settings=\"{&quot;background_background&quot;:&quot;classic&quot;,&quot;background_motion_fx_motion_fx_scrolling&quot;:&quot;yes&quot;,&quot;background_motion_fx_translateY_effect&quot;:&quot;yes&quot;,&quot;background_motion_fx_translateY_direction&quot;:&quot;negative&quot;,&quot;background_motion_fx_translateY_speed&quot;:{&quot;unit&quot;:&quot;px&quot;,&quot;size&quot;:4,&quot;sizes&quot;:[]},&quot;background_motion_fx_translateY_affectedRange&quot;:{&quot;unit&quot;:&quot;%&quot;,&quot;size&quot;:&quot;&quot;,&quot;sizes&quot;:{&quot;start&quot;:0,&quot;end&quot;:100}},&quot;background_motion_fx_devices&quot;:[&quot;desktop&quot;,&quot;tablet&quot;,&quot;mobile&quot;]}\">\n\t\t\t\t\t\t<div class=\"elementor-container elementor-column-gap-default\">\n\t\t\t\t\t<div class=\"elementor-column elementor-col-100 elementor-top-column elementor-element elementor-element-f45d569\" data-id=\"f45d569\" data-element_type=\"column\" data-e-type=\"column\">\n\t\t\t<div class=\"elementor-widget-wrap elementor-element-populated\">\n\t\t\t\t\t\t<div class=\"elementor-element elementor-element-a47edf1 elementor-widget elementor-widget-heading\" data-id=\"a47edf1\" data-element_type=\"widget\" data-e-type=\"widget\" data-widget_type=\"heading.default\">\n\t\t\t\t<div class=\"elementor-widget-container\">\n\t\t\t\t\t<h1 class=\"elementor-heading-title elementor-size-default\">Notre Vision<\/h1>\t\t\t\t<\/div>\n\t\t\t\t<\/div>\n\t\t\t\t\t<\/div>\n\t\t<\/div>\n\t\t\t\t\t<\/div>\n\t\t<\/section>\n\t\t\t\t<section class=\"elementor-section elementor-top-section elementor-element elementor-element-a066b54 elementor-reverse-tablet elementor-reverse-mobile elementor-section-boxed elementor-section-height-default elementor-section-height-default\" data-id=\"a066b54\" data-element_type=\"section\" data-e-type=\"section\">\n\t\t\t\t\t\t<div class=\"elementor-container elementor-column-gap-default\">\n\t\t\t\t\t<div class=\"elementor-column elementor-col-50 elementor-top-column elementor-element elementor-element-f20405e\" data-id=\"f20405e\" data-element_type=\"column\" data-e-type=\"column\">\n\t\t\t<div class=\"elementor-widget-wrap elementor-element-populated\">\n\t\t\t\t\t\t<div class=\"elementor-element elementor-element-33ac395 elementor-invisible elementor-widget elementor-widget-image\" data-id=\"33ac395\" data-element_type=\"widget\" data-e-type=\"widget\" data-settings=\"{&quot;_animation&quot;:&quot;slideInLeft&quot;}\" data-widget_type=\"image.default\">\n\t\t\t\t<div class=\"elementor-widget-container\">\n\t\t\t\t\t\t\t\t\t\t\t\t\t\t\t<img fetchpriority=\"high\" decoding=\"async\" width=\"800\" height=\"600\" src=\"https:\/\/famillefaisant.com\/wp-content\/uploads\/2022\/06\/DJI_0004-1-1024x768.jpg\" class=\"attachment-large size-large wp-image-572\" alt=\"Les vignes du domaine Sainte C\u00e9cile du Parc\" srcset=\"https:\/\/famillefaisant.com\/wp-content\/uploads\/2022\/06\/DJI_0004-1-1024x768.jpg 1024w, https:\/\/famillefaisant.com\/wp-content\/uploads\/2022\/06\/DJI_0004-1-600x450.jpg 600w, https:\/\/famillefaisant.com\/wp-content\/uploads\/2022\/06\/DJI_0004-1-300x225.jpg 300w, https:\/\/famillefaisant.com\/wp-content\/uploads\/2022\/06\/DJI_0004-1-768x576.jpg 768w, https:\/\/famillefaisant.com\/wp-content\/uploads\/2022\/06\/DJI_0004-1-1536x1152.jpg 1536w, https:\/\/famillefaisant.com\/wp-content\/uploads\/2022\/06\/DJI_0004-1-16x12.jpg 16w, https:\/\/famillefaisant.com\/wp-content\/uploads\/2022\/06\/DJI_0004-1.jpg 2000w\" sizes=\"(max-width: 800px) 100vw, 800px\" \/>\t\t\t\t\t\t\t\t\t\t\t\t\t\t\t<\/div>\n\t\t\t\t<\/div>\n\t\t\t\t\t<\/div>\n\t\t<\/div>\n\t\t\t\t<div class=\"elementor-column elementor-col-50 elementor-top-column elementor-element elementor-element-30290f1c\" data-id=\"30290f1c\" data-element_type=\"column\" data-e-type=\"column\">\n\t\t\t<div class=\"elementor-widget-wrap elementor-element-populated\">\n\t\t\t\t\t\t<div class=\"elementor-element elementor-element-70d46d2a elementor-widget elementor-widget-heading\" data-id=\"70d46d2a\" data-element_type=\"widget\" data-e-type=\"widget\" data-settings=\"{&quot;_animation&quot;:&quot;none&quot;}\" data-widget_type=\"heading.default\">\n\t\t\t\t<div class=\"elementor-widget-container\">\n\t\t\t\t\t<h1 class=\"elementor-heading-title elementor-size-default\">Une famille unie sur le respect des diff\u00e9rences<\/h1>\t\t\t\t<\/div>\n\t\t\t\t<\/div>\n\t\t\t\t<div class=\"elementor-element elementor-element-64e2072 animated-slow elementor-widget elementor-widget-text-editor\" data-id=\"64e2072\" data-element_type=\"widget\" data-e-type=\"widget\" data-settings=\"{&quot;_animation&quot;:&quot;none&quot;}\" data-widget_type=\"text-editor.default\">\n\t\t\t\t<div class=\"elementor-widget-container\">\n\t\t\t\t\t\t\t\t\t<p data-sourcepos=\"3:1-3:85\">Chez les Faisant, la diff\u00e9rence est une richesse. Chaque membre de la famille est unique, mais tous se rassemblent autour de valeurs communes qui leur sont ch\u00e8res : les \u00e9motions, l&rsquo;authenticit\u00e9, la sensibilit\u00e9 et la convivialit\u00e9.<\/p><p data-sourcepos=\"5:1-5:143\">Ces valeurs simples mais essentielles se manifestent dans tout ce qu&rsquo;ils entreprennent. Transmission de l&rsquo;h\u00e9ritage, passion, histoire, v\u00e9rit\u00e9, ouverture et partage : tels sont les piliers de leur existence.<\/p>\t\t\t\t\t\t\t\t<\/div>\n\t\t\t\t<\/div>\n\t\t\t\t\t<\/div>\n\t\t<\/div>\n\t\t\t\t\t<\/div>\n\t\t<\/section>\n\t\t\t\t<section class=\"elementor-section elementor-top-section elementor-element elementor-element-774086a6 elementor-section-boxed elementor-section-height-default elementor-section-height-default\" data-id=\"774086a6\" data-element_type=\"section\" data-e-type=\"section\">\n\t\t\t\t\t\t<div class=\"elementor-container elementor-column-gap-default\">\n\t\t\t\t\t<div class=\"elementor-column elementor-col-50 elementor-top-column elementor-element elementor-element-74847802\" data-id=\"74847802\" data-element_type=\"column\" data-e-type=\"column\">\n\t\t\t<div class=\"elementor-widget-wrap elementor-element-populated\">\n\t\t\t\t\t\t<div class=\"elementor-element elementor-element-3acfa80f elementor-widget elementor-widget-heading\" data-id=\"3acfa80f\" data-element_type=\"widget\" data-e-type=\"widget\" data-settings=\"{&quot;_animation&quot;:&quot;none&quot;}\" data-widget_type=\"heading.default\">\n\t\t\t\t<div class=\"elementor-widget-container\">\n\t\t\t\t\t<h1 class=\"elementor-heading-title elementor-size-default\">Le partage, un h\u00e9ritage pr\u00e9cieux<\/h1>\t\t\t\t<\/div>\n\t\t\t\t<\/div>\n\t\t\t\t<div class=\"elementor-element elementor-element-2cbc3f8d animated-slow elementor-widget elementor-widget-text-editor\" data-id=\"2cbc3f8d\" data-element_type=\"widget\" data-e-type=\"widget\" data-settings=\"{&quot;_animation&quot;:&quot;none&quot;}\" data-widget_type=\"text-editor.default\">\n\t\t\t\t<div class=\"elementor-widget-container\">\n\t\t\t\t\t\t\t\t\t<p data-sourcepos=\"9:1-9:33\">Ce d\u00e9sir de partager prend racine au c\u0153ur de la famille. C&rsquo;est le cadeau inestimable qu&rsquo;un p\u00e8re transmet \u00e0 ses enfants. Un esprit de partage qui s&rsquo;\u00e9tend bien au-del\u00e0 du cercle familial, pour toucher chacun d&rsquo;entre nous.<\/p><p data-sourcepos=\"11:1-11:219\">Ils invitent chacun \u00e0 d\u00e9couvrir leur univers chaleureux et authentique, o\u00f9 les diff\u00e9rences s&rsquo;unissent pour cr\u00e9er une harmonie unique.<\/p><div id=\"user-query-content-0\" class=\"query-content\"><p class=\"query-text ng-star-inserted expanded\" dir=\"ltr\">C\u2019est aujourd\u2019hui une envie de partager avec tout le monde, de partager un savoir, un repas, une histoire, un verre, une journ\u00e9e.<\/p><\/div><div class=\"button-gutter\">\u00a0<\/div>\t\t\t\t\t\t\t\t<\/div>\n\t\t\t\t<\/div>\n\t\t\t\t\t<\/div>\n\t\t<\/div>\n\t\t\t\t<div class=\"elementor-column elementor-col-50 elementor-top-column elementor-element elementor-element-3bcee661\" data-id=\"3bcee661\" data-element_type=\"column\" data-e-type=\"column\">\n\t\t\t<div class=\"elementor-widget-wrap elementor-element-populated\">\n\t\t\t\t\t\t<div class=\"elementor-element elementor-element-1314506b elementor-invisible elementor-widget elementor-widget-image\" data-id=\"1314506b\" data-element_type=\"widget\" data-e-type=\"widget\" data-settings=\"{&quot;_animation&quot;:&quot;slideInRight&quot;}\" data-widget_type=\"image.default\">\n\t\t\t\t<div class=\"elementor-widget-container\">\n\t\t\t\t\t\t\t\t\t\t\t\t\t\t\t<img decoding=\"async\" width=\"800\" height=\"534\" src=\"https:\/\/famillefaisant.com\/wp-content\/uploads\/2022\/06\/9O9A2524-1024x683.jpg\" class=\"attachment-large size-large wp-image-553\" alt=\"Le Mazet du domaine Sainte C\u00e9cile du Parc\" srcset=\"https:\/\/famillefaisant.com\/wp-content\/uploads\/2022\/06\/9O9A2524-1024x683.jpg 1024w, https:\/\/famillefaisant.com\/wp-content\/uploads\/2022\/06\/9O9A2524-600x400.jpg 600w, https:\/\/famillefaisant.com\/wp-content\/uploads\/2022\/06\/9O9A2524-300x200.jpg 300w, https:\/\/famillefaisant.com\/wp-content\/uploads\/2022\/06\/9O9A2524-768x512.jpg 768w, https:\/\/famillefaisant.com\/wp-content\/uploads\/2022\/06\/9O9A2524-1536x1024.jpg 1536w, https:\/\/famillefaisant.com\/wp-content\/uploads\/2022\/06\/9O9A2524-2048x1365.jpg 2048w, https:\/\/famillefaisant.com\/wp-content\/uploads\/2022\/06\/9O9A2524-18x12.jpg 18w\" sizes=\"(max-width: 800px) 100vw, 800px\" \/>\t\t\t\t\t\t\t\t\t\t\t\t\t\t\t<\/div>\n\t\t\t\t<\/div>\n\t\t\t\t\t<\/div>\n\t\t<\/div>\n\t\t\t\t\t<\/div>\n\t\t<\/section>\n\t\t\t\t<section class=\"elementor-section elementor-top-section elementor-element elementor-element-28f340e elementor-section-boxed elementor-section-height-default elementor-section-height-default\" data-id=\"28f340e\" data-element_type=\"section\" data-e-type=\"section\">\n\t\t\t\t\t\t<div class=\"elementor-container elementor-column-gap-default\">\n\t\t\t\t\t<div class=\"elementor-column elementor-col-100 elementor-top-column elementor-element elementor-element-e0a9598\" data-id=\"e0a9598\" data-element_type=\"column\" data-e-type=\"column\">\n\t\t\t<div class=\"elementor-widget-wrap elementor-element-populated\">\n\t\t\t\t\t\t<div class=\"elementor-element elementor-element-04ce4f5 elementor-widget elementor-widget-heading\" data-id=\"04ce4f5\" data-element_type=\"widget\" data-e-type=\"widget\" data-widget_type=\"heading.default\">\n\t\t\t\t<div class=\"elementor-widget-container\">\n\t\t\t\t\t<h1 class=\"elementor-heading-title elementor-size-default\">Partager un moment,<br>tout simplement.<\/h1>\t\t\t\t<\/div>\n\t\t\t\t<\/div>\n\t\t\t\t\t<\/div>\n\t\t<\/div>\n\t\t\t\t\t<\/div>\n\t\t<\/section>\n\t\t\t\t<\/div>\n\t\t","protected":false},"excerpt":{"rendered":"<p>Notre Vision Une famille unie sur le respect des diff\u00e9rences Chez les Faisant, la diff\u00e9rence est une richesse. Chaque membre de la famille est unique, mais tous se rassemblent autour de valeurs communes qui leur sont ch\u00e8res : les \u00e9motions, l&rsquo;authenticit\u00e9, la sensibilit\u00e9 et la convivialit\u00e9. Ces valeurs simples mais essentielles se manifestent dans tout [&hellip;]<\/p>\n","protected":false},"author":1,"featured_media":0,"parent":0,"menu_order":2,"comment_status":"closed","ping_status":"closed","template":"","meta":{"footnotes":""},"class_list":["post-11","page","type-page","status-publish","hentry"],"yoast_head":"<!-- This site is optimized with the Yoast SEO plugin v27.3 - https:\/\/yoast.com\/product\/yoast-seo-wordpress\/ -->\n<title>Famille FAISANT | Notre vision<\/title>\n<meta name=\"description\" content=\"Au coeur du Languedoc, pr\u00e8s de la M\u00e9diterran\u00e9e, notre Domaine viticole Sainte C\u00e9cile du Parc, profite d&#039;un terroir exceptionnel \u00e0 P\u00e9zenas.\" \/>\n<meta name=\"robots\" content=\"index, follow, max-snippet:-1, max-image-preview:large, max-video-preview:-1\" \/>\n<link rel=\"canonical\" href=\"https:\/\/famillefaisant.com\/en_en\/notre-vision\/\" \/>\n<meta property=\"og:locale\" content=\"en_GB\" \/>\n<meta property=\"og:type\" content=\"article\" \/>\n<meta property=\"og:title\" content=\"Famille FAISANT | Notre vision\" \/>\n<meta property=\"og:description\" content=\"Au coeur du Languedoc, pr\u00e8s de la M\u00e9diterran\u00e9e, notre Domaine viticole Sainte C\u00e9cile du Parc, profite d&#039;un terroir exceptionnel \u00e0 P\u00e9zenas.\" \/>\n<meta property=\"og:url\" content=\"https:\/\/famillefaisant.com\/en_en\/notre-vision\/\" \/>\n<meta property=\"og:site_name\" content=\"Famille FAISANT\" \/>\n<meta property=\"article:publisher\" content=\"https:\/\/www.facebook.com\/famillefaisant\" \/>\n<meta property=\"article:modified_time\" content=\"2024-05-23T12:32:50+00:00\" \/>\n<meta property=\"og:image\" content=\"https:\/\/famillefaisant.com\/wp-content\/uploads\/2022\/06\/DJI_0004-1-1024x768.jpg\" \/>\n<meta name=\"twitter:card\" content=\"summary_large_image\" \/>\n<meta name=\"twitter:label1\" content=\"Estimated reading time\" \/>\n\t<meta name=\"twitter:data1\" content=\"2 minutes\" \/>\n<script type=\"application\/ld+json\" class=\"yoast-schema-graph\">{\"@context\":\"https:\\\/\\\/schema.org\",\"@graph\":[{\"@type\":\"WebPage\",\"@id\":\"https:\\\/\\\/famillefaisant.com\\\/notre-vision\\\/\",\"url\":\"https:\\\/\\\/famillefaisant.com\\\/notre-vision\\\/\",\"name\":\"Famille FAISANT | Notre vision\",\"isPartOf\":{\"@id\":\"https:\\\/\\\/famillefaisant.com\\\/#website\"},\"primaryImageOfPage\":{\"@id\":\"https:\\\/\\\/famillefaisant.com\\\/notre-vision\\\/#primaryimage\"},\"image\":{\"@id\":\"https:\\\/\\\/famillefaisant.com\\\/notre-vision\\\/#primaryimage\"},\"thumbnailUrl\":\"https:\\\/\\\/famillefaisant.com\\\/wp-content\\\/uploads\\\/2022\\\/06\\\/DJI_0004-1-1024x768.jpg\",\"datePublished\":\"2021-10-19T13:48:04+00:00\",\"dateModified\":\"2024-05-23T12:32:50+00:00\",\"description\":\"Au coeur du Languedoc, pr\u00e8s de la M\u00e9diterran\u00e9e, notre Domaine viticole Sainte C\u00e9cile du Parc, profite d'un terroir exceptionnel \u00e0 P\u00e9zenas.\",\"breadcrumb\":{\"@id\":\"https:\\\/\\\/famillefaisant.com\\\/notre-vision\\\/#breadcrumb\"},\"inLanguage\":\"en-GB\",\"potentialAction\":[{\"@type\":\"ReadAction\",\"target\":[\"https:\\\/\\\/famillefaisant.com\\\/notre-vision\\\/\"]}]},{\"@type\":\"ImageObject\",\"inLanguage\":\"en-GB\",\"@id\":\"https:\\\/\\\/famillefaisant.com\\\/notre-vision\\\/#primaryimage\",\"url\":\"https:\\\/\\\/famillefaisant.com\\\/wp-content\\\/uploads\\\/2022\\\/06\\\/DJI_0004-1-1024x768.jpg\",\"contentUrl\":\"https:\\\/\\\/famillefaisant.com\\\/wp-content\\\/uploads\\\/2022\\\/06\\\/DJI_0004-1-1024x768.jpg\"},{\"@type\":\"BreadcrumbList\",\"@id\":\"https:\\\/\\\/famillefaisant.com\\\/notre-vision\\\/#breadcrumb\",\"itemListElement\":[{\"@type\":\"ListItem\",\"position\":1,\"name\":\"Accueil\",\"item\":\"https:\\\/\\\/famillefaisant.com\\\/\"},{\"@type\":\"ListItem\",\"position\":2,\"name\":\"Notre vision\"}]},{\"@type\":\"WebSite\",\"@id\":\"https:\\\/\\\/famillefaisant.com\\\/#website\",\"url\":\"https:\\\/\\\/famillefaisant.com\\\/\",\"name\":\"Famille FAISANT\",\"description\":\"Vigneron authentique\",\"publisher\":{\"@id\":\"https:\\\/\\\/famillefaisant.com\\\/#organization\"},\"potentialAction\":[{\"@type\":\"SearchAction\",\"target\":{\"@type\":\"EntryPoint\",\"urlTemplate\":\"https:\\\/\\\/famillefaisant.com\\\/?s={search_term_string}\"},\"query-input\":{\"@type\":\"PropertyValueSpecification\",\"valueRequired\":true,\"valueName\":\"search_term_string\"}}],\"inLanguage\":\"en-GB\"},{\"@type\":\"Organization\",\"@id\":\"https:\\\/\\\/famillefaisant.com\\\/#organization\",\"name\":\"Famille Faisant | Domaine Sainte C\u00e9cile du Parc\",\"url\":\"https:\\\/\\\/famillefaisant.com\\\/\",\"logo\":{\"@type\":\"ImageObject\",\"inLanguage\":\"en-GB\",\"@id\":\"https:\\\/\\\/famillefaisant.com\\\/#\\\/schema\\\/logo\\\/image\\\/\",\"url\":\"https:\\\/\\\/famillefaisant.com\\\/wp-content\\\/uploads\\\/2021\\\/10\\\/Chemin-Faisant_Logo.png\",\"contentUrl\":\"https:\\\/\\\/famillefaisant.com\\\/wp-content\\\/uploads\\\/2021\\\/10\\\/Chemin-Faisant_Logo.png\",\"width\":1500,\"height\":1385,\"caption\":\"Famille Faisant | Domaine Sainte C\u00e9cile du Parc\"},\"image\":{\"@id\":\"https:\\\/\\\/famillefaisant.com\\\/#\\\/schema\\\/logo\\\/image\\\/\"},\"sameAs\":[\"https:\\\/\\\/www.facebook.com\\\/famillefaisant\",\"https:\\\/\\\/www.instagram.com\\\/famillefaisant\\\/\"]}]}<\/script>\n<!-- \/ Yoast SEO plugin. -->","yoast_head_json":{"title":"Famille FAISANT | Notre vision","description":"Au coeur du Languedoc, pr\u00e8s de la M\u00e9diterran\u00e9e, notre Domaine viticole Sainte C\u00e9cile du Parc, profite d'un terroir exceptionnel \u00e0 P\u00e9zenas.","robots":{"index":"index","follow":"follow","max-snippet":"max-snippet:-1","max-image-preview":"max-image-preview:large","max-video-preview":"max-video-preview:-1"},"canonical":"https:\/\/famillefaisant.com\/en_en\/notre-vision\/","og_locale":"en_GB","og_type":"article","og_title":"Famille FAISANT | Notre vision","og_description":"Au coeur du Languedoc, pr\u00e8s de la M\u00e9diterran\u00e9e, notre Domaine viticole Sainte C\u00e9cile du Parc, profite d'un terroir exceptionnel \u00e0 P\u00e9zenas.","og_url":"https:\/\/famillefaisant.com\/en_en\/notre-vision\/","og_site_name":"Famille FAISANT","article_publisher":"https:\/\/www.facebook.com\/famillefaisant","article_modified_time":"2024-05-23T12:32:50+00:00","og_image":[{"url":"https:\/\/famillefaisant.com\/wp-content\/uploads\/2022\/06\/DJI_0004-1-1024x768.jpg","type":"","width":"","height":""}],"twitter_card":"summary_large_image","twitter_misc":{"Estimated reading time":"2 minutes"},"schema":{"@context":"https:\/\/schema.org","@graph":[{"@type":"WebPage","@id":"https:\/\/famillefaisant.com\/notre-vision\/","url":"https:\/\/famillefaisant.com\/notre-vision\/","name":"Famille FAISANT | Notre vision","isPartOf":{"@id":"https:\/\/famillefaisant.com\/#website"},"primaryImageOfPage":{"@id":"https:\/\/famillefaisant.com\/notre-vision\/#primaryimage"},"image":{"@id":"https:\/\/famillefaisant.com\/notre-vision\/#primaryimage"},"thumbnailUrl":"https:\/\/famillefaisant.com\/wp-content\/uploads\/2022\/06\/DJI_0004-1-1024x768.jpg","datePublished":"2021-10-19T13:48:04+00:00","dateModified":"2024-05-23T12:32:50+00:00","description":"Au coeur du Languedoc, pr\u00e8s de la M\u00e9diterran\u00e9e, notre Domaine viticole Sainte C\u00e9cile du Parc, profite d'un terroir exceptionnel \u00e0 P\u00e9zenas.","breadcrumb":{"@id":"https:\/\/famillefaisant.com\/notre-vision\/#breadcrumb"},"inLanguage":"en-GB","potentialAction":[{"@type":"ReadAction","target":["https:\/\/famillefaisant.com\/notre-vision\/"]}]},{"@type":"ImageObject","inLanguage":"en-GB","@id":"https:\/\/famillefaisant.com\/notre-vision\/#primaryimage","url":"https:\/\/famillefaisant.com\/wp-content\/uploads\/2022\/06\/DJI_0004-1-1024x768.jpg","contentUrl":"https:\/\/famillefaisant.com\/wp-content\/uploads\/2022\/06\/DJI_0004-1-1024x768.jpg"},{"@type":"BreadcrumbList","@id":"https:\/\/famillefaisant.com\/notre-vision\/#breadcrumb","itemListElement":[{"@type":"ListItem","position":1,"name":"Accueil","item":"https:\/\/famillefaisant.com\/"},{"@type":"ListItem","position":2,"name":"Notre vision"}]},{"@type":"WebSite","@id":"https:\/\/famillefaisant.com\/#website","url":"https:\/\/famillefaisant.com\/","name":"Famille FAISANT","description":"Vigneron authentique","publisher":{"@id":"https:\/\/famillefaisant.com\/#organization"},"potentialAction":[{"@type":"SearchAction","target":{"@type":"EntryPoint","urlTemplate":"https:\/\/famillefaisant.com\/?s={search_term_string}"},"query-input":{"@type":"PropertyValueSpecification","valueRequired":true,"valueName":"search_term_string"}}],"inLanguage":"en-GB"},{"@type":"Organization","@id":"https:\/\/famillefaisant.com\/#organization","name":"Famille Faisant | Domaine Sainte C\u00e9cile du Parc","url":"https:\/\/famillefaisant.com\/","logo":{"@type":"ImageObject","inLanguage":"en-GB","@id":"https:\/\/famillefaisant.com\/#\/schema\/logo\/image\/","url":"https:\/\/famillefaisant.com\/wp-content\/uploads\/2021\/10\/Chemin-Faisant_Logo.png","contentUrl":"https:\/\/famillefaisant.com\/wp-content\/uploads\/2021\/10\/Chemin-Faisant_Logo.png","width":1500,"height":1385,"caption":"Famille Faisant | Domaine Sainte C\u00e9cile du Parc"},"image":{"@id":"https:\/\/famillefaisant.com\/#\/schema\/logo\/image\/"},"sameAs":["https:\/\/www.facebook.com\/famillefaisant","https:\/\/www.instagram.com\/famillefaisant\/"]}]}},"jetpack_sharing_enabled":true,"_links":{"self":[{"href":"https:\/\/famillefaisant.com\/en_en\/wp-json\/wp\/v2\/pages\/11","targetHints":{"allow":["GET"]}}],"collection":[{"href":"https:\/\/famillefaisant.com\/en_en\/wp-json\/wp\/v2\/pages"}],"about":[{"href":"https:\/\/famillefaisant.com\/en_en\/wp-json\/wp\/v2\/types\/page"}],"author":[{"embeddable":true,"href":"https:\/\/famillefaisant.com\/en_en\/wp-json\/wp\/v2\/users\/1"}],"replies":[{"embeddable":true,"href":"https:\/\/famillefaisant.com\/en_en\/wp-json\/wp\/v2\/comments?post=11"}],"version-history":[{"count":31,"href":"https:\/\/famillefaisant.com\/en_en\/wp-json\/wp\/v2\/pages\/11\/revisions"}],"predecessor-version":[{"id":1060,"href":"https:\/\/famillefaisant.com\/en_en\/wp-json\/wp\/v2\/pages\/11\/revisions\/1060"}],"wp:attachment":[{"href":"https:\/\/famillefaisant.com\/en_en\/wp-json\/wp\/v2\/media?parent=11"}],"curies":[{"name":"wp","href":"https:\/\/api.w.org\/{rel}","templated":true}]}}