{"id":162,"date":"2022-02-09T16:15:41","date_gmt":"2022-02-09T15:15:41","guid":{"rendered":"https:\/\/famillefaisant.com\/index.php\/mon-compte\/"},"modified":"2022-10-28T16:53:27","modified_gmt":"2022-10-28T14:53:27","slug":"mon-compte","status":"publish","type":"page","link":"https:\/\/famillefaisant.com\/en_en\/nos-vins\/mon-compte\/","title":{"rendered":"Mon compte"},"content":{"rendered":"\t\t<div data-elementor-type=\"wp-page\" data-elementor-id=\"162\" class=\"elementor elementor-162\" data-elementor-post-type=\"page\">\n\t\t\t\t\t\t<section class=\"elementor-section elementor-top-section elementor-element elementor-element-28b1357d elementor-section-boxed elementor-section-height-default elementor-section-height-default\" data-id=\"28b1357d\" data-element_type=\"section\" data-e-type=\"section\" data-settings=\"{&quot;background_background&quot;:&quot;classic&quot;,&quot;background_motion_fx_motion_fx_scrolling&quot;:&quot;yes&quot;,&quot;background_motion_fx_translateY_effect&quot;:&quot;yes&quot;,&quot;background_motion_fx_translateY_direction&quot;:&quot;negative&quot;,&quot;background_motion_fx_translateY_speed&quot;:{&quot;unit&quot;:&quot;px&quot;,&quot;size&quot;:4,&quot;sizes&quot;:[]},&quot;background_motion_fx_translateY_affectedRange&quot;:{&quot;unit&quot;:&quot;%&quot;,&quot;size&quot;:&quot;&quot;,&quot;sizes&quot;:{&quot;start&quot;:0,&quot;end&quot;:100}},&quot;background_motion_fx_devices&quot;:[&quot;desktop&quot;,&quot;tablet&quot;,&quot;mobile&quot;]}\">\n\t\t\t\t\t\t<div class=\"elementor-container elementor-column-gap-default\">\n\t\t\t\t\t<div class=\"elementor-column elementor-col-100 elementor-top-column elementor-element elementor-element-2cf24435\" data-id=\"2cf24435\" data-element_type=\"column\" data-e-type=\"column\">\n\t\t\t<div class=\"elementor-widget-wrap elementor-element-populated\">\n\t\t\t\t\t\t<div class=\"elementor-element elementor-element-6d5539 elementor-widget elementor-widget-heading\" data-id=\"6d5539\" data-element_type=\"widget\" data-e-type=\"widget\" data-widget_type=\"heading.default\">\n\t\t\t\t<div class=\"elementor-widget-container\">\n\t\t\t\t\t<h1 class=\"elementor-heading-title elementor-size-default\">Mon compte<\/h1>\t\t\t\t<\/div>\n\t\t\t\t<\/div>\n\t\t\t\t\t<\/div>\n\t\t<\/div>\n\t\t\t\t\t<\/div>\n\t\t<\/section>\n\t\t\t\t<section class=\"elementor-section elementor-top-section elementor-element elementor-element-7e90e67 elementor-section-boxed elementor-section-height-default elementor-section-height-default\" data-id=\"7e90e67\" data-element_type=\"section\" data-e-type=\"section\">\n\t\t\t\t\t\t<div class=\"elementor-container elementor-column-gap-default\">\n\t\t\t\t\t<div class=\"elementor-column elementor-col-100 elementor-top-column elementor-element elementor-element-25ee089\" data-id=\"25ee089\" data-element_type=\"column\" data-e-type=\"column\">\n\t\t\t<div class=\"elementor-widget-wrap elementor-element-populated\">\n\t\t\t\t\t\t<div class=\"elementor-element elementor-element-714256d e-my-account-tabs-vertical elementor-widget elementor-widget-woocommerce-my-account\" data-id=\"714256d\" data-element_type=\"widget\" data-e-type=\"widget\" data-widget_type=\"woocommerce-my-account.default\">\n\t\t\t\t<div class=\"elementor-widget-container\">\n\t\t\t\t\t<div class=\"e-my-account-tab e-my-account-tab__ \">\t\t\t<div class=\"woocommerce\"><\/div>\t\t<\/div>\n\t\t\t\t\t\t<\/div>\n\t\t\t\t<\/div>\n\t\t\t\t\t<\/div>\n\t\t<\/div>\n\t\t\t\t\t<\/div>\n\t\t<\/section>\n\t\t\t\t<\/div>\n\t\t","protected":false},"excerpt":{"rendered":"<p>Mon compte Tableau de bord Commandes T\u00e9l\u00e9chargements Adresses D\u00e9tails du compte D\u00e9connexion Bonjour Famille FAISANT (vous n\u2019\u00eates pas Famille FAISANT\u00a0? D\u00e9connexion) \u00c0 partir du tableau de bord de votre compte, vous pouvez visualiser vos commandes r\u00e9centes, g\u00e9rer vos adresses de livraison et de facturation ainsi que changer votre mot de passe et les d\u00e9tails de [&hellip;]<\/p>\n","protected":false},"author":1,"featured_media":0,"parent":25,"menu_order":1,"comment_status":"closed","ping_status":"closed","template":"","meta":{"footnotes":""},"class_list":["post-162","page","type-page","status-publish","hentry"],"yoast_head":"<!-- This site is optimized with the Yoast SEO plugin v27.3 - https:\/\/yoast.com\/product\/yoast-seo-wordpress\/ -->\n<title>Famille FAISANT | Mon compte<\/title>\n<meta name=\"description\" content=\"Au c\u0153ur du Languedoc, \u00e0 P\u00e9zenas proche de la M\u00e9diterran\u00e9e, se niche notre domaine Sainte C\u00e9cile du Parc. Un terroir exceptionnel.\" \/>\n<meta name=\"robots\" content=\"index, follow, max-snippet:-1, max-image-preview:large, max-video-preview:-1\" \/>\n<link rel=\"canonical\" href=\"https:\/\/famillefaisant.com\/en_en\/nos-vins\/mon-compte\/\" \/>\n<meta property=\"og:locale\" content=\"en_GB\" \/>\n<meta property=\"og:type\" content=\"article\" \/>\n<meta property=\"og:title\" content=\"Famille FAISANT | Mon compte\" \/>\n<meta property=\"og:description\" content=\"Au c\u0153ur du Languedoc, \u00e0 P\u00e9zenas proche de la M\u00e9diterran\u00e9e, se niche notre domaine Sainte C\u00e9cile du Parc. Un terroir exceptionnel.\" \/>\n<meta property=\"og:url\" content=\"https:\/\/famillefaisant.com\/en_en\/nos-vins\/mon-compte\/\" \/>\n<meta property=\"og:site_name\" content=\"Famille FAISANT\" \/>\n<meta property=\"article:publisher\" content=\"https:\/\/www.facebook.com\/famillefaisant\" \/>\n<meta property=\"article:modified_time\" content=\"2022-10-28T14:53:27+00:00\" \/>\n<meta name=\"twitter:card\" content=\"summary_large_image\" \/>\n<meta name=\"twitter:label1\" content=\"Estimated reading time\" \/>\n\t<meta name=\"twitter:data1\" content=\"1 minute\" \/>\n<script type=\"application\/ld+json\" class=\"yoast-schema-graph\">{\"@context\":\"https:\\\/\\\/schema.org\",\"@graph\":[{\"@type\":\"WebPage\",\"@id\":\"https:\\\/\\\/famillefaisant.com\\\/nos-vins\\\/mon-compte\\\/\",\"url\":\"https:\\\/\\\/famillefaisant.com\\\/nos-vins\\\/mon-compte\\\/\",\"name\":\"Famille FAISANT | Mon compte\",\"isPartOf\":{\"@id\":\"https:\\\/\\\/famillefaisant.com\\\/#website\"},\"datePublished\":\"2022-02-09T15:15:41+00:00\",\"dateModified\":\"2022-10-28T14:53:27+00:00\",\"description\":\"Au c\u0153ur du Languedoc, \u00e0 P\u00e9zenas proche de la M\u00e9diterran\u00e9e, se niche notre domaine Sainte C\u00e9cile du Parc. Un terroir exceptionnel.\",\"breadcrumb\":{\"@id\":\"https:\\\/\\\/famillefaisant.com\\\/nos-vins\\\/mon-compte\\\/#breadcrumb\"},\"inLanguage\":\"en-GB\",\"potentialAction\":[{\"@type\":\"ReadAction\",\"target\":[\"https:\\\/\\\/famillefaisant.com\\\/nos-vins\\\/mon-compte\\\/\"]}]},{\"@type\":\"BreadcrumbList\",\"@id\":\"https:\\\/\\\/famillefaisant.com\\\/nos-vins\\\/mon-compte\\\/#breadcrumb\",\"itemListElement\":[{\"@type\":\"ListItem\",\"position\":1,\"name\":\"Accueil\",\"item\":\"https:\\\/\\\/famillefaisant.com\\\/\"},{\"@type\":\"ListItem\",\"position\":2,\"name\":\"Nos vins\",\"item\":\"https:\\\/\\\/famillefaisant.com\\\/nos-vins\\\/\"},{\"@type\":\"ListItem\",\"position\":3,\"name\":\"Mon compte\"}]},{\"@type\":\"WebSite\",\"@id\":\"https:\\\/\\\/famillefaisant.com\\\/#website\",\"url\":\"https:\\\/\\\/famillefaisant.com\\\/\",\"name\":\"Famille FAISANT\",\"description\":\"Vigneron authentique\",\"publisher\":{\"@id\":\"https:\\\/\\\/famillefaisant.com\\\/#organization\"},\"potentialAction\":[{\"@type\":\"SearchAction\",\"target\":{\"@type\":\"EntryPoint\",\"urlTemplate\":\"https:\\\/\\\/famillefaisant.com\\\/?s={search_term_string}\"},\"query-input\":{\"@type\":\"PropertyValueSpecification\",\"valueRequired\":true,\"valueName\":\"search_term_string\"}}],\"inLanguage\":\"en-GB\"},{\"@type\":\"Organization\",\"@id\":\"https:\\\/\\\/famillefaisant.com\\\/#organization\",\"name\":\"Famille Faisant | Domaine Sainte C\u00e9cile du Parc\",\"url\":\"https:\\\/\\\/famillefaisant.com\\\/\",\"logo\":{\"@type\":\"ImageObject\",\"inLanguage\":\"en-GB\",\"@id\":\"https:\\\/\\\/famillefaisant.com\\\/#\\\/schema\\\/logo\\\/image\\\/\",\"url\":\"https:\\\/\\\/famillefaisant.com\\\/wp-content\\\/uploads\\\/2021\\\/10\\\/Chemin-Faisant_Logo.png\",\"contentUrl\":\"https:\\\/\\\/famillefaisant.com\\\/wp-content\\\/uploads\\\/2021\\\/10\\\/Chemin-Faisant_Logo.png\",\"width\":1500,\"height\":1385,\"caption\":\"Famille Faisant | Domaine Sainte C\u00e9cile du Parc\"},\"image\":{\"@id\":\"https:\\\/\\\/famillefaisant.com\\\/#\\\/schema\\\/logo\\\/image\\\/\"},\"sameAs\":[\"https:\\\/\\\/www.facebook.com\\\/famillefaisant\",\"https:\\\/\\\/www.instagram.com\\\/famillefaisant\\\/\"]}]}<\/script>\n<!-- \/ Yoast SEO plugin. -->","yoast_head_json":{"title":"Famille FAISANT | Mon compte","description":"Au c\u0153ur du Languedoc, \u00e0 P\u00e9zenas proche de la M\u00e9diterran\u00e9e, se niche notre domaine Sainte C\u00e9cile du Parc. Un terroir exceptionnel.","robots":{"index":"index","follow":"follow","max-snippet":"max-snippet:-1","max-image-preview":"max-image-preview:large","max-video-preview":"max-video-preview:-1"},"canonical":"https:\/\/famillefaisant.com\/en_en\/nos-vins\/mon-compte\/","og_locale":"en_GB","og_type":"article","og_title":"Famille FAISANT | Mon compte","og_description":"Au c\u0153ur du Languedoc, \u00e0 P\u00e9zenas proche de la M\u00e9diterran\u00e9e, se niche notre domaine Sainte C\u00e9cile du Parc. Un terroir exceptionnel.","og_url":"https:\/\/famillefaisant.com\/en_en\/nos-vins\/mon-compte\/","og_site_name":"Famille FAISANT","article_publisher":"https:\/\/www.facebook.com\/famillefaisant","article_modified_time":"2022-10-28T14:53:27+00:00","twitter_card":"summary_large_image","twitter_misc":{"Estimated reading time":"1 minute"},"schema":{"@context":"https:\/\/schema.org","@graph":[{"@type":"WebPage","@id":"https:\/\/famillefaisant.com\/nos-vins\/mon-compte\/","url":"https:\/\/famillefaisant.com\/nos-vins\/mon-compte\/","name":"Famille FAISANT | Mon compte","isPartOf":{"@id":"https:\/\/famillefaisant.com\/#website"},"datePublished":"2022-02-09T15:15:41+00:00","dateModified":"2022-10-28T14:53:27+00:00","description":"Au c\u0153ur du Languedoc, \u00e0 P\u00e9zenas proche de la M\u00e9diterran\u00e9e, se niche notre domaine Sainte C\u00e9cile du Parc. Un terroir exceptionnel.","breadcrumb":{"@id":"https:\/\/famillefaisant.com\/nos-vins\/mon-compte\/#breadcrumb"},"inLanguage":"en-GB","potentialAction":[{"@type":"ReadAction","target":["https:\/\/famillefaisant.com\/nos-vins\/mon-compte\/"]}]},{"@type":"BreadcrumbList","@id":"https:\/\/famillefaisant.com\/nos-vins\/mon-compte\/#breadcrumb","itemListElement":[{"@type":"ListItem","position":1,"name":"Accueil","item":"https:\/\/famillefaisant.com\/"},{"@type":"ListItem","position":2,"name":"Nos vins","item":"https:\/\/famillefaisant.com\/nos-vins\/"},{"@type":"ListItem","position":3,"name":"Mon compte"}]},{"@type":"WebSite","@id":"https:\/\/famillefaisant.com\/#website","url":"https:\/\/famillefaisant.com\/","name":"Famille FAISANT","description":"Vigneron authentique","publisher":{"@id":"https:\/\/famillefaisant.com\/#organization"},"potentialAction":[{"@type":"SearchAction","target":{"@type":"EntryPoint","urlTemplate":"https:\/\/famillefaisant.com\/?s={search_term_string}"},"query-input":{"@type":"PropertyValueSpecification","valueRequired":true,"valueName":"search_term_string"}}],"inLanguage":"en-GB"},{"@type":"Organization","@id":"https:\/\/famillefaisant.com\/#organization","name":"Famille Faisant | Domaine Sainte C\u00e9cile du Parc","url":"https:\/\/famillefaisant.com\/","logo":{"@type":"ImageObject","inLanguage":"en-GB","@id":"https:\/\/famillefaisant.com\/#\/schema\/logo\/image\/","url":"https:\/\/famillefaisant.com\/wp-content\/uploads\/2021\/10\/Chemin-Faisant_Logo.png","contentUrl":"https:\/\/famillefaisant.com\/wp-content\/uploads\/2021\/10\/Chemin-Faisant_Logo.png","width":1500,"height":1385,"caption":"Famille Faisant | Domaine Sainte C\u00e9cile du Parc"},"image":{"@id":"https:\/\/famillefaisant.com\/#\/schema\/logo\/image\/"},"sameAs":["https:\/\/www.facebook.com\/famillefaisant","https:\/\/www.instagram.com\/famillefaisant\/"]}]}},"jetpack_sharing_enabled":true,"_links":{"self":[{"href":"https:\/\/famillefaisant.com\/en_en\/wp-json\/wp\/v2\/pages\/162","targetHints":{"allow":["GET"]}}],"collection":[{"href":"https:\/\/famillefaisant.com\/en_en\/wp-json\/wp\/v2\/pages"}],"about":[{"href":"https:\/\/famillefaisant.com\/en_en\/wp-json\/wp\/v2\/types\/page"}],"author":[{"embeddable":true,"href":"https:\/\/famillefaisant.com\/en_en\/wp-json\/wp\/v2\/users\/1"}],"replies":[{"embeddable":true,"href":"https:\/\/famillefaisant.com\/en_en\/wp-json\/wp\/v2\/comments?post=162"}],"version-history":[{"count":10,"href":"https:\/\/famillefaisant.com\/en_en\/wp-json\/wp\/v2\/pages\/162\/revisions"}],"predecessor-version":[{"id":755,"href":"https:\/\/famillefaisant.com\/en_en\/wp-json\/wp\/v2\/pages\/162\/revisions\/755"}],"up":[{"embeddable":true,"href":"https:\/\/famillefaisant.com\/en_en\/wp-json\/wp\/v2\/pages\/25"}],"wp:attachment":[{"href":"https:\/\/famillefaisant.com\/en_en\/wp-json\/wp\/v2\/media?parent=162"}],"curies":[{"name":"wp","href":"https:\/\/api.w.org\/{rel}","templated":true}]}}