{"id":19,"date":"2021-10-19T15:48:51","date_gmt":"2021-10-19T13:48:51","guid":{"rendered":"https:\/\/famillefaisant.com\/?page_id=19"},"modified":"2025-12-11T16:58:59","modified_gmt":"2025-12-11T15:58:59","slug":"le-domaine","status":"publish","type":"page","link":"https:\/\/famillefaisant.com\/en_en\/le-domaine\/","title":{"rendered":"Le Domaine"},"content":{"rendered":"\t\t<div data-elementor-type=\"wp-page\" data-elementor-id=\"19\" class=\"elementor elementor-19\" data-elementor-post-type=\"page\">\n\t\t\t\t\t\t<section class=\"elementor-section elementor-top-section elementor-element elementor-element-b6effea elementor-section-boxed elementor-section-height-default elementor-section-height-default\" data-id=\"b6effea\" data-element_type=\"section\" data-e-type=\"section\" data-settings=\"{&quot;background_background&quot;:&quot;classic&quot;,&quot;background_motion_fx_motion_fx_scrolling&quot;:&quot;yes&quot;,&quot;background_motion_fx_translateY_effect&quot;:&quot;yes&quot;,&quot;background_motion_fx_translateY_direction&quot;:&quot;negative&quot;,&quot;background_motion_fx_translateY_speed&quot;:{&quot;unit&quot;:&quot;px&quot;,&quot;size&quot;:4,&quot;sizes&quot;:[]},&quot;background_motion_fx_translateY_affectedRange&quot;:{&quot;unit&quot;:&quot;%&quot;,&quot;size&quot;:&quot;&quot;,&quot;sizes&quot;:{&quot;start&quot;:0,&quot;end&quot;:100}},&quot;background_motion_fx_devices&quot;:[&quot;desktop&quot;,&quot;tablet&quot;,&quot;mobile&quot;]}\">\n\t\t\t\t\t\t<div class=\"elementor-container elementor-column-gap-default\">\n\t\t\t\t\t<div class=\"elementor-column elementor-col-100 elementor-top-column elementor-element elementor-element-65f7e89c\" data-id=\"65f7e89c\" data-element_type=\"column\" data-e-type=\"column\">\n\t\t\t<div class=\"elementor-widget-wrap elementor-element-populated\">\n\t\t\t\t\t\t<div class=\"elementor-element elementor-element-534413c6 elementor-widget elementor-widget-heading\" data-id=\"534413c6\" data-element_type=\"widget\" data-e-type=\"widget\" data-widget_type=\"heading.default\">\n\t\t\t\t<div class=\"elementor-widget-container\">\n\t\t\t\t\t<h1 class=\"elementor-heading-title elementor-size-default\">Le Domaine<\/h1>\t\t\t\t<\/div>\n\t\t\t\t<\/div>\n\t\t\t\t\t<\/div>\n\t\t<\/div>\n\t\t\t\t\t<\/div>\n\t\t<\/section>\n\t\t\t\t<section class=\"elementor-section elementor-top-section elementor-element elementor-element-55dd75ee elementor-reverse-tablet elementor-reverse-mobile elementor-section-boxed elementor-section-height-default elementor-section-height-default\" data-id=\"55dd75ee\" data-element_type=\"section\" data-e-type=\"section\">\n\t\t\t\t\t\t<div class=\"elementor-container elementor-column-gap-default\">\n\t\t\t\t\t<div class=\"elementor-column elementor-col-50 elementor-top-column elementor-element elementor-element-41bba3a1\" data-id=\"41bba3a1\" data-element_type=\"column\" data-e-type=\"column\">\n\t\t\t<div class=\"elementor-widget-wrap elementor-element-populated\">\n\t\t\t\t\t\t<div class=\"elementor-element elementor-element-330a6410 elementor-invisible elementor-widget elementor-widget-image\" data-id=\"330a6410\" data-element_type=\"widget\" data-e-type=\"widget\" data-settings=\"{&quot;_animation&quot;:&quot;slideInLeft&quot;}\" data-widget_type=\"image.default\">\n\t\t\t\t<div class=\"elementor-widget-container\">\n\t\t\t\t\t\t\t\t\t\t\t\t\t\t\t<img fetchpriority=\"high\" decoding=\"async\" width=\"800\" height=\"600\" src=\"https:\/\/famillefaisant.com\/wp-content\/uploads\/2022\/06\/DJI_0017-1-1024x768.jpg\" class=\"attachment-large size-large wp-image-573\" alt=\"Domaine Sainte C\u00e9cile du Parc\" srcset=\"https:\/\/famillefaisant.com\/wp-content\/uploads\/2022\/06\/DJI_0017-1-1024x768.jpg 1024w, https:\/\/famillefaisant.com\/wp-content\/uploads\/2022\/06\/DJI_0017-1-600x450.jpg 600w, https:\/\/famillefaisant.com\/wp-content\/uploads\/2022\/06\/DJI_0017-1-300x225.jpg 300w, https:\/\/famillefaisant.com\/wp-content\/uploads\/2022\/06\/DJI_0017-1-768x576.jpg 768w, https:\/\/famillefaisant.com\/wp-content\/uploads\/2022\/06\/DJI_0017-1-1536x1152.jpg 1536w, https:\/\/famillefaisant.com\/wp-content\/uploads\/2022\/06\/DJI_0017-1-16x12.jpg 16w, https:\/\/famillefaisant.com\/wp-content\/uploads\/2022\/06\/DJI_0017-1.jpg 2000w\" sizes=\"(max-width: 800px) 100vw, 800px\" \/>\t\t\t\t\t\t\t\t\t\t\t\t\t\t\t<\/div>\n\t\t\t\t<\/div>\n\t\t\t\t\t<\/div>\n\t\t<\/div>\n\t\t\t\t<div class=\"elementor-column elementor-col-50 elementor-top-column elementor-element elementor-element-1c4f5886\" data-id=\"1c4f5886\" data-element_type=\"column\" data-e-type=\"column\">\n\t\t\t<div class=\"elementor-widget-wrap elementor-element-populated\">\n\t\t\t\t\t\t<div class=\"elementor-element elementor-element-16657ed1 elementor-invisible elementor-widget elementor-widget-heading\" data-id=\"16657ed1\" data-element_type=\"widget\" data-e-type=\"widget\" data-settings=\"{&quot;_animation&quot;:&quot;slideInRight&quot;}\" data-widget_type=\"heading.default\">\n\t\t\t\t<div class=\"elementor-widget-container\">\n\t\t\t\t\t<h1 class=\"elementor-heading-title elementor-size-default\">Le Domaine<\/h1>\t\t\t\t<\/div>\n\t\t\t\t<\/div>\n\t\t\t\t<div class=\"elementor-element elementor-element-4467a226 animated-slow elementor-widget elementor-widget-text-editor\" data-id=\"4467a226\" data-element_type=\"widget\" data-e-type=\"widget\" data-settings=\"{&quot;_animation&quot;:&quot;none&quot;}\" data-widget_type=\"text-editor.default\">\n\t\t\t\t<div class=\"elementor-widget-container\">\n\t\t\t\t\t\t\t\t\t<p class=\"p1\">Au c\u0153ur du Languedoc, \u00e0 25 km de la mer m\u00e9diterran\u00e9e, se niche notre domaine, Sainte C\u00e9cile du Parc.<\/p><p class=\"p1\">Le domaine s\u2019\u00e9tend sur 100 hectares de vignes et d\u2019oliviers, un terroir exceptionnel !<\/p><p>Traditionnellement le terrain de chasse du Duc de Montmorency pendant le 17\u00e8me si\u00e8cle, les terrasses ensoleill\u00e9es du vignoble honorent la culture de la vigne depuis plus d\u2019un si\u00e8cle.<\/p>\t\t\t\t\t\t\t\t<\/div>\n\t\t\t\t<\/div>\n\t\t\t\t\t<\/div>\n\t\t<\/div>\n\t\t\t\t\t<\/div>\n\t\t<\/section>\n\t\t\t\t<section class=\"elementor-section elementor-top-section elementor-element elementor-element-431c330a elementor-section-boxed elementor-section-height-default elementor-section-height-default\" data-id=\"431c330a\" data-element_type=\"section\" data-e-type=\"section\">\n\t\t\t\t\t\t<div class=\"elementor-container elementor-column-gap-default\">\n\t\t\t\t\t<div class=\"elementor-column elementor-col-50 elementor-top-column elementor-element elementor-element-dfde626\" data-id=\"dfde626\" data-element_type=\"column\" data-e-type=\"column\">\n\t\t\t<div class=\"elementor-widget-wrap elementor-element-populated\">\n\t\t\t\t\t\t<div class=\"elementor-element elementor-element-5dce0195 elementor-widget elementor-widget-heading\" data-id=\"5dce0195\" data-element_type=\"widget\" data-e-type=\"widget\" data-settings=\"{&quot;_animation&quot;:&quot;none&quot;}\" data-widget_type=\"heading.default\">\n\t\t\t\t<div class=\"elementor-widget-container\">\n\t\t\t\t\t<h1 class=\"elementor-heading-title elementor-size-default\">L'Inn\u00e9 &amp; l'Acquis<\/h1>\t\t\t\t<\/div>\n\t\t\t\t<\/div>\n\t\t\t\t<div class=\"elementor-element elementor-element-1975b8ce animated-slow elementor-widget elementor-widget-text-editor\" data-id=\"1975b8ce\" data-element_type=\"widget\" data-e-type=\"widget\" data-settings=\"{&quot;_animation&quot;:&quot;none&quot;}\" data-widget_type=\"text-editor.default\">\n\t\t\t\t<div class=\"elementor-widget-container\">\n\t\t\t\t\t\t\t\t\t<p class=\"p1\">Encore aujourd\u2019hui, lors d\u2019une simple balade, nous trouvons des fossiles de coquillages et des pierres volcaniques qui t\u00e9moignent du passage du temps lorsque, jadis, les sols actuels constituaient le fond de la mer il y a quelques millions d\u2019ann\u00e9es.<\/p><p class=\"p1\">Ainsi, nous remarquons l\u2019\u00e9ponyme \u201cPiscenois\u201d d\u00e9signant les habitants de la ville de P\u00e9zenas, venant du Latin \u201cpiscis\u201d- \u201cpoisson\u201d.<\/p><p class=\"p1\">Ces vestiges t\u00e9moignent d\u2019un pass\u00e9 unique et contribuent \u00e0 d\u00e9finir cette notion insaisissable, le terroir.<\/p>\t\t\t\t\t\t\t\t<\/div>\n\t\t\t\t<\/div>\n\t\t\t\t\t<\/div>\n\t\t<\/div>\n\t\t\t\t<div class=\"elementor-column elementor-col-50 elementor-top-column elementor-element elementor-element-6edf49ce\" data-id=\"6edf49ce\" data-element_type=\"column\" data-e-type=\"column\">\n\t\t\t<div class=\"elementor-widget-wrap elementor-element-populated\">\n\t\t\t\t\t\t<div class=\"elementor-element elementor-element-241b3454 elementor-invisible elementor-widget elementor-widget-image\" data-id=\"241b3454\" data-element_type=\"widget\" data-e-type=\"widget\" data-settings=\"{&quot;_animation&quot;:&quot;slideInRight&quot;}\" data-widget_type=\"image.default\">\n\t\t\t\t<div class=\"elementor-widget-container\">\n\t\t\t\t\t\t\t\t\t\t\t\t\t\t\t<img decoding=\"async\" width=\"683\" height=\"1024\" src=\"https:\/\/famillefaisant.com\/wp-content\/uploads\/2022\/06\/9O9A2424-683x1024.jpg\" class=\"attachment-large size-large wp-image-544\" alt=\"Domaine Sainte C\u00e9cile du Parc\" srcset=\"https:\/\/famillefaisant.com\/wp-content\/uploads\/2022\/06\/9O9A2424-683x1024.jpg 683w, https:\/\/famillefaisant.com\/wp-content\/uploads\/2022\/06\/9O9A2424-600x900.jpg 600w, https:\/\/famillefaisant.com\/wp-content\/uploads\/2022\/06\/9O9A2424-200x300.jpg 200w, https:\/\/famillefaisant.com\/wp-content\/uploads\/2022\/06\/9O9A2424-768x1152.jpg 768w, https:\/\/famillefaisant.com\/wp-content\/uploads\/2022\/06\/9O9A2424-1024x1536.jpg 1024w, https:\/\/famillefaisant.com\/wp-content\/uploads\/2022\/06\/9O9A2424-1365x2048.jpg 1365w, https:\/\/famillefaisant.com\/wp-content\/uploads\/2022\/06\/9O9A2424-8x12.jpg 8w, https:\/\/famillefaisant.com\/wp-content\/uploads\/2022\/06\/9O9A2424-scaled.jpg 1707w\" sizes=\"(max-width: 683px) 100vw, 683px\" \/>\t\t\t\t\t\t\t\t\t\t\t\t\t\t\t<\/div>\n\t\t\t\t<\/div>\n\t\t\t\t\t<\/div>\n\t\t<\/div>\n\t\t\t\t\t<\/div>\n\t\t<\/section>\n\t\t\t\t<section class=\"elementor-section elementor-top-section elementor-element elementor-element-a8a57ee elementor-reverse-tablet elementor-reverse-mobile elementor-section-boxed elementor-section-height-default elementor-section-height-default\" data-id=\"a8a57ee\" data-element_type=\"section\" data-e-type=\"section\">\n\t\t\t\t\t\t<div class=\"elementor-container elementor-column-gap-default\">\n\t\t\t\t\t<div class=\"elementor-column elementor-col-50 elementor-top-column elementor-element elementor-element-2f9d93e\" data-id=\"2f9d93e\" data-element_type=\"column\" data-e-type=\"column\">\n\t\t\t<div class=\"elementor-widget-wrap elementor-element-populated\">\n\t\t\t\t\t\t<div class=\"elementor-element elementor-element-501685a elementor-invisible elementor-widget elementor-widget-image\" data-id=\"501685a\" data-element_type=\"widget\" data-e-type=\"widget\" data-settings=\"{&quot;_animation&quot;:&quot;slideInLeft&quot;}\" data-widget_type=\"image.default\">\n\t\t\t\t<div class=\"elementor-widget-container\">\n\t\t\t\t\t\t\t\t\t\t\t\t\t\t\t<img decoding=\"async\" width=\"800\" height=\"534\" src=\"https:\/\/famillefaisant.com\/wp-content\/uploads\/2022\/06\/9O9A2426-1024x683.jpg\" class=\"attachment-large size-large wp-image-546\" alt=\"Les vignes du domaine Sainte C\u00e9cile du Parc\" srcset=\"https:\/\/famillefaisant.com\/wp-content\/uploads\/2022\/06\/9O9A2426-1024x683.jpg 1024w, https:\/\/famillefaisant.com\/wp-content\/uploads\/2022\/06\/9O9A2426-600x400.jpg 600w, https:\/\/famillefaisant.com\/wp-content\/uploads\/2022\/06\/9O9A2426-300x200.jpg 300w, https:\/\/famillefaisant.com\/wp-content\/uploads\/2022\/06\/9O9A2426-768x512.jpg 768w, https:\/\/famillefaisant.com\/wp-content\/uploads\/2022\/06\/9O9A2426-1536x1024.jpg 1536w, https:\/\/famillefaisant.com\/wp-content\/uploads\/2022\/06\/9O9A2426-2048x1366.jpg 2048w, https:\/\/famillefaisant.com\/wp-content\/uploads\/2022\/06\/9O9A2426-18x12.jpg 18w\" sizes=\"(max-width: 800px) 100vw, 800px\" \/>\t\t\t\t\t\t\t\t\t\t\t\t\t\t\t<\/div>\n\t\t\t\t<\/div>\n\t\t\t\t\t<\/div>\n\t\t<\/div>\n\t\t\t\t<div class=\"elementor-column elementor-col-50 elementor-top-column elementor-element elementor-element-a81677a\" data-id=\"a81677a\" data-element_type=\"column\" data-e-type=\"column\">\n\t\t\t<div class=\"elementor-widget-wrap elementor-element-populated\">\n\t\t\t\t\t\t<div class=\"elementor-element elementor-element-77513f1 elementor-widget elementor-widget-heading\" data-id=\"77513f1\" data-element_type=\"widget\" data-e-type=\"widget\" data-settings=\"{&quot;_animation&quot;:&quot;none&quot;}\" data-widget_type=\"heading.default\">\n\t\t\t\t<div class=\"elementor-widget-container\">\n\t\t\t\t\t<h1 class=\"elementor-heading-title elementor-size-default\">Le Vignoble<\/h1>\t\t\t\t<\/div>\n\t\t\t\t<\/div>\n\t\t\t\t<div class=\"elementor-element elementor-element-d251ec1 animated-slow elementor-widget elementor-widget-text-editor\" data-id=\"d251ec1\" data-element_type=\"widget\" data-e-type=\"widget\" data-settings=\"{&quot;_animation&quot;:&quot;none&quot;}\" data-widget_type=\"text-editor.default\">\n\t\t\t\t<div class=\"elementor-widget-container\">\n\t\t\t\t\t\t\t\t\t<p class=\"p1\">Notre vignoble est compos\u00e9 de plusieurs c\u00e9pages : Syrah, Grenache Noir, Albarino, Cinsault, Tempranillo, Carignan, Piquepoul, Mourv\u00e8dre et Sauvignon Blanc.<\/p><p class=\"p1\">Le vignoble jouit d\u2019une diversit\u00e9 des sols int\u00e9ressante : le sol est argilo-calcaire, sableux-graveleux, villafranchien, charge de cailloux et d\u2019\u00e9boulis basaltiques.<\/p><p class=\"p1\">Ce terroir pr\u00e9sente d\u2019excellentes qualit\u00e9s de drainage qui permettent \u00e0 la vigne de s\u2019enraciner et ainsi exprimer toute la biodiversit\u00e9 du site. La brise de nos coteaux permet \u00e9galement une aseptisation naturelle du vignoble.<\/p>\t\t\t\t\t\t\t\t<\/div>\n\t\t\t\t<\/div>\n\t\t\t\t\t<\/div>\n\t\t<\/div>\n\t\t\t\t\t<\/div>\n\t\t<\/section>\n\t\t\t\t<section class=\"elementor-section elementor-top-section elementor-element elementor-element-bf92bb4 elementor-section-boxed elementor-section-height-default elementor-section-height-default\" data-id=\"bf92bb4\" data-element_type=\"section\" data-e-type=\"section\">\n\t\t\t\t\t\t<div class=\"elementor-container elementor-column-gap-default\">\n\t\t\t\t\t<div class=\"elementor-column elementor-col-50 elementor-top-column elementor-element elementor-element-a6773ed\" data-id=\"a6773ed\" data-element_type=\"column\" data-e-type=\"column\">\n\t\t\t<div class=\"elementor-widget-wrap elementor-element-populated\">\n\t\t\t\t\t\t<div class=\"elementor-element elementor-element-989b193 elementor-widget elementor-widget-heading\" data-id=\"989b193\" data-element_type=\"widget\" data-e-type=\"widget\" data-settings=\"{&quot;_animation&quot;:&quot;none&quot;}\" data-widget_type=\"heading.default\">\n\t\t\t\t<div class=\"elementor-widget-container\">\n\t\t\t\t\t<h1 class=\"elementor-heading-title elementor-size-default\">Notre caveau <\/h1>\t\t\t\t<\/div>\n\t\t\t\t<\/div>\n\t\t\t\t<div class=\"elementor-element elementor-element-62b9421 elementor-widget elementor-widget-text-editor\" data-id=\"62b9421\" data-element_type=\"widget\" data-e-type=\"widget\" data-settings=\"{&quot;_animation&quot;:&quot;none&quot;}\" data-widget_type=\"text-editor.default\">\n\t\t\t\t<div class=\"elementor-widget-container\">\n\t\t\t\t\t\t\t\t\t<p>Voici notre caveau pr\u00eat \u00e0 vous accueillir en toute saison !<\/p><p>Cet espace est ouvert aussi bien \u00e0 la d\u00e9gustation, qu&rsquo;aux vernissages et s\u00e9minaires ! N&rsquo;h\u00e9sitez pas \u00e0 nous contacter !<\/p><p>La Famille Faisant a h\u00e2te de vous accueillir !<\/p>\t\t\t\t\t\t\t\t<\/div>\n\t\t\t\t<\/div>\n\t\t\t\t\t<\/div>\n\t\t<\/div>\n\t\t\t\t<div class=\"elementor-column elementor-col-50 elementor-top-column elementor-element elementor-element-89706bb\" data-id=\"89706bb\" data-element_type=\"column\" data-e-type=\"column\">\n\t\t\t<div class=\"elementor-widget-wrap elementor-element-populated\">\n\t\t\t\t\t\t<div class=\"elementor-element elementor-element-a1084f9 elementor-invisible elementor-widget elementor-widget-video\" data-id=\"a1084f9\" data-element_type=\"widget\" data-e-type=\"widget\" data-settings=\"{&quot;youtube_url&quot;:&quot;https:\\\/\\\/youtu.be\\\/s3fNZ8iReA0&quot;,&quot;_animation&quot;:&quot;fadeInRight&quot;,&quot;video_type&quot;:&quot;youtube&quot;,&quot;controls&quot;:&quot;yes&quot;}\" data-widget_type=\"video.default\">\n\t\t\t\t<div class=\"elementor-widget-container\">\n\t\t\t\t\t\t\t<div class=\"elementor-wrapper elementor-open-inline\">\n\t\t\t<div class=\"elementor-video\"><\/div>\t\t<\/div>\n\t\t\t\t\t\t<\/div>\n\t\t\t\t<\/div>\n\t\t\t\t\t<\/div>\n\t\t<\/div>\n\t\t\t\t\t<\/div>\n\t\t<\/section>\n\t\t\t\t<\/div>\n\t\t","protected":false},"excerpt":{"rendered":"<p>Le Domaine Le Domaine Au c\u0153ur du Languedoc, \u00e0 25 km de la mer m\u00e9diterran\u00e9e, se niche notre domaine, Sainte C\u00e9cile du Parc. Le domaine s\u2019\u00e9tend sur 100 hectares de vignes et d\u2019oliviers, un terroir exceptionnel ! Traditionnellement le terrain de chasse du Duc de Montmorency pendant le 17\u00e8me si\u00e8cle, les terrasses ensoleill\u00e9es du vignoble [&hellip;]<\/p>\n","protected":false},"author":1,"featured_media":0,"parent":0,"menu_order":3,"comment_status":"closed","ping_status":"closed","template":"","meta":{"footnotes":""},"class_list":["post-19","page","type-page","status-publish","hentry"],"yoast_head":"<!-- This site is optimized with the Yoast SEO plugin v27.4 - https:\/\/yoast.com\/product\/yoast-seo-wordpress\/ -->\n<title>Famille FAISANT | Le Domaine<\/title>\n<meta name=\"description\" content=\"Au coeur du Languedoc, pr\u00e8s de la M\u00e9diterran\u00e9e, notre Domaine viticole Sainte C\u00e9cile du Parc, profite d&#039;un terroir exceptionnel \u00e0 P\u00e9zenas.\" \/>\n<meta name=\"robots\" content=\"index, follow, max-snippet:-1, max-image-preview:large, max-video-preview:-1\" \/>\n<link rel=\"canonical\" href=\"https:\/\/famillefaisant.com\/en_en\/le-domaine\/\" \/>\n<meta property=\"og:locale\" content=\"en_GB\" \/>\n<meta property=\"og:type\" content=\"article\" \/>\n<meta property=\"og:title\" content=\"Famille FAISANT | Le Domaine\" \/>\n<meta property=\"og:description\" content=\"Au coeur du Languedoc, pr\u00e8s de la M\u00e9diterran\u00e9e, notre Domaine viticole Sainte C\u00e9cile du Parc, profite d&#039;un terroir exceptionnel \u00e0 P\u00e9zenas.\" \/>\n<meta property=\"og:url\" content=\"https:\/\/famillefaisant.com\/en_en\/le-domaine\/\" \/>\n<meta property=\"og:site_name\" content=\"Famille FAISANT\" \/>\n<meta property=\"article:publisher\" content=\"https:\/\/www.facebook.com\/famillefaisant\" \/>\n<meta property=\"article:modified_time\" content=\"2025-12-11T15:58:59+00:00\" \/>\n<meta property=\"og:image\" content=\"https:\/\/famillefaisant.com\/wp-content\/uploads\/2022\/06\/DJI_0017-1.jpg\" \/>\n\t<meta property=\"og:image:width\" content=\"2000\" \/>\n\t<meta property=\"og:image:height\" content=\"1500\" \/>\n\t<meta property=\"og:image:type\" content=\"image\/jpeg\" \/>\n<meta name=\"twitter:card\" content=\"summary_large_image\" \/>\n<meta name=\"twitter:label1\" content=\"Estimated reading time\" \/>\n\t<meta name=\"twitter:data1\" content=\"2 minutes\" \/>\n<script type=\"application\/ld+json\" class=\"yoast-schema-graph\">{\"@context\":\"https:\\\/\\\/schema.org\",\"@graph\":[{\"@type\":\"WebPage\",\"@id\":\"https:\\\/\\\/famillefaisant.com\\\/le-domaine\\\/\",\"url\":\"https:\\\/\\\/famillefaisant.com\\\/le-domaine\\\/\",\"name\":\"Famille FAISANT | Le Domaine\",\"isPartOf\":{\"@id\":\"https:\\\/\\\/famillefaisant.com\\\/#website\"},\"primaryImageOfPage\":{\"@id\":\"https:\\\/\\\/famillefaisant.com\\\/le-domaine\\\/#primaryimage\"},\"image\":{\"@id\":\"https:\\\/\\\/famillefaisant.com\\\/le-domaine\\\/#primaryimage\"},\"thumbnailUrl\":\"https:\\\/\\\/famillefaisant.com\\\/wp-content\\\/uploads\\\/2022\\\/06\\\/DJI_0017-1-1024x768.jpg\",\"datePublished\":\"2021-10-19T13:48:51+00:00\",\"dateModified\":\"2025-12-11T15:58:59+00:00\",\"description\":\"Au coeur du Languedoc, pr\u00e8s de la M\u00e9diterran\u00e9e, notre Domaine viticole Sainte C\u00e9cile du Parc, profite d'un terroir exceptionnel \u00e0 P\u00e9zenas.\",\"breadcrumb\":{\"@id\":\"https:\\\/\\\/famillefaisant.com\\\/le-domaine\\\/#breadcrumb\"},\"inLanguage\":\"en-GB\",\"potentialAction\":[{\"@type\":\"ReadAction\",\"target\":[\"https:\\\/\\\/famillefaisant.com\\\/le-domaine\\\/\"]}]},{\"@type\":\"ImageObject\",\"inLanguage\":\"en-GB\",\"@id\":\"https:\\\/\\\/famillefaisant.com\\\/le-domaine\\\/#primaryimage\",\"url\":\"https:\\\/\\\/famillefaisant.com\\\/wp-content\\\/uploads\\\/2022\\\/06\\\/DJI_0017-1-1024x768.jpg\",\"contentUrl\":\"https:\\\/\\\/famillefaisant.com\\\/wp-content\\\/uploads\\\/2022\\\/06\\\/DJI_0017-1-1024x768.jpg\"},{\"@type\":\"BreadcrumbList\",\"@id\":\"https:\\\/\\\/famillefaisant.com\\\/le-domaine\\\/#breadcrumb\",\"itemListElement\":[{\"@type\":\"ListItem\",\"position\":1,\"name\":\"Accueil\",\"item\":\"https:\\\/\\\/famillefaisant.com\\\/\"},{\"@type\":\"ListItem\",\"position\":2,\"name\":\"Le Domaine\"}]},{\"@type\":\"WebSite\",\"@id\":\"https:\\\/\\\/famillefaisant.com\\\/#website\",\"url\":\"https:\\\/\\\/famillefaisant.com\\\/\",\"name\":\"Famille FAISANT\",\"description\":\"Vigneron authentique\",\"publisher\":{\"@id\":\"https:\\\/\\\/famillefaisant.com\\\/#organization\"},\"potentialAction\":[{\"@type\":\"SearchAction\",\"target\":{\"@type\":\"EntryPoint\",\"urlTemplate\":\"https:\\\/\\\/famillefaisant.com\\\/?s={search_term_string}\"},\"query-input\":{\"@type\":\"PropertyValueSpecification\",\"valueRequired\":true,\"valueName\":\"search_term_string\"}}],\"inLanguage\":\"en-GB\"},{\"@type\":\"Organization\",\"@id\":\"https:\\\/\\\/famillefaisant.com\\\/#organization\",\"name\":\"Famille Faisant | Domaine Sainte C\u00e9cile du Parc\",\"url\":\"https:\\\/\\\/famillefaisant.com\\\/\",\"logo\":{\"@type\":\"ImageObject\",\"inLanguage\":\"en-GB\",\"@id\":\"https:\\\/\\\/famillefaisant.com\\\/#\\\/schema\\\/logo\\\/image\\\/\",\"url\":\"https:\\\/\\\/famillefaisant.com\\\/wp-content\\\/uploads\\\/2021\\\/10\\\/Chemin-Faisant_Logo.png\",\"contentUrl\":\"https:\\\/\\\/famillefaisant.com\\\/wp-content\\\/uploads\\\/2021\\\/10\\\/Chemin-Faisant_Logo.png\",\"width\":1500,\"height\":1385,\"caption\":\"Famille Faisant | Domaine Sainte C\u00e9cile du Parc\"},\"image\":{\"@id\":\"https:\\\/\\\/famillefaisant.com\\\/#\\\/schema\\\/logo\\\/image\\\/\"},\"sameAs\":[\"https:\\\/\\\/www.facebook.com\\\/famillefaisant\",\"https:\\\/\\\/www.instagram.com\\\/famillefaisant\\\/\"]}]}<\/script>\n<!-- \/ Yoast SEO plugin. -->","yoast_head_json":{"title":"Famille FAISANT | Le Domaine","description":"Au coeur du Languedoc, pr\u00e8s de la M\u00e9diterran\u00e9e, notre Domaine viticole Sainte C\u00e9cile du Parc, profite d'un terroir exceptionnel \u00e0 P\u00e9zenas.","robots":{"index":"index","follow":"follow","max-snippet":"max-snippet:-1","max-image-preview":"max-image-preview:large","max-video-preview":"max-video-preview:-1"},"canonical":"https:\/\/famillefaisant.com\/en_en\/le-domaine\/","og_locale":"en_GB","og_type":"article","og_title":"Famille FAISANT | Le Domaine","og_description":"Au coeur du Languedoc, pr\u00e8s de la M\u00e9diterran\u00e9e, notre Domaine viticole Sainte C\u00e9cile du Parc, profite d'un terroir exceptionnel \u00e0 P\u00e9zenas.","og_url":"https:\/\/famillefaisant.com\/en_en\/le-domaine\/","og_site_name":"Famille FAISANT","article_publisher":"https:\/\/www.facebook.com\/famillefaisant","article_modified_time":"2025-12-11T15:58:59+00:00","og_image":[{"width":2000,"height":1500,"url":"https:\/\/famillefaisant.com\/wp-content\/uploads\/2022\/06\/DJI_0017-1.jpg","type":"image\/jpeg"}],"twitter_card":"summary_large_image","twitter_misc":{"Estimated reading time":"2 minutes"},"schema":{"@context":"https:\/\/schema.org","@graph":[{"@type":"WebPage","@id":"https:\/\/famillefaisant.com\/le-domaine\/","url":"https:\/\/famillefaisant.com\/le-domaine\/","name":"Famille FAISANT | Le Domaine","isPartOf":{"@id":"https:\/\/famillefaisant.com\/#website"},"primaryImageOfPage":{"@id":"https:\/\/famillefaisant.com\/le-domaine\/#primaryimage"},"image":{"@id":"https:\/\/famillefaisant.com\/le-domaine\/#primaryimage"},"thumbnailUrl":"https:\/\/famillefaisant.com\/wp-content\/uploads\/2022\/06\/DJI_0017-1-1024x768.jpg","datePublished":"2021-10-19T13:48:51+00:00","dateModified":"2025-12-11T15:58:59+00:00","description":"Au coeur du Languedoc, pr\u00e8s de la M\u00e9diterran\u00e9e, notre Domaine viticole Sainte C\u00e9cile du Parc, profite d'un terroir exceptionnel \u00e0 P\u00e9zenas.","breadcrumb":{"@id":"https:\/\/famillefaisant.com\/le-domaine\/#breadcrumb"},"inLanguage":"en-GB","potentialAction":[{"@type":"ReadAction","target":["https:\/\/famillefaisant.com\/le-domaine\/"]}]},{"@type":"ImageObject","inLanguage":"en-GB","@id":"https:\/\/famillefaisant.com\/le-domaine\/#primaryimage","url":"https:\/\/famillefaisant.com\/wp-content\/uploads\/2022\/06\/DJI_0017-1-1024x768.jpg","contentUrl":"https:\/\/famillefaisant.com\/wp-content\/uploads\/2022\/06\/DJI_0017-1-1024x768.jpg"},{"@type":"BreadcrumbList","@id":"https:\/\/famillefaisant.com\/le-domaine\/#breadcrumb","itemListElement":[{"@type":"ListItem","position":1,"name":"Accueil","item":"https:\/\/famillefaisant.com\/"},{"@type":"ListItem","position":2,"name":"Le Domaine"}]},{"@type":"WebSite","@id":"https:\/\/famillefaisant.com\/#website","url":"https:\/\/famillefaisant.com\/","name":"Famille FAISANT","description":"Vigneron authentique","publisher":{"@id":"https:\/\/famillefaisant.com\/#organization"},"potentialAction":[{"@type":"SearchAction","target":{"@type":"EntryPoint","urlTemplate":"https:\/\/famillefaisant.com\/?s={search_term_string}"},"query-input":{"@type":"PropertyValueSpecification","valueRequired":true,"valueName":"search_term_string"}}],"inLanguage":"en-GB"},{"@type":"Organization","@id":"https:\/\/famillefaisant.com\/#organization","name":"Famille Faisant | Domaine Sainte C\u00e9cile du Parc","url":"https:\/\/famillefaisant.com\/","logo":{"@type":"ImageObject","inLanguage":"en-GB","@id":"https:\/\/famillefaisant.com\/#\/schema\/logo\/image\/","url":"https:\/\/famillefaisant.com\/wp-content\/uploads\/2021\/10\/Chemin-Faisant_Logo.png","contentUrl":"https:\/\/famillefaisant.com\/wp-content\/uploads\/2021\/10\/Chemin-Faisant_Logo.png","width":1500,"height":1385,"caption":"Famille Faisant | Domaine Sainte C\u00e9cile du Parc"},"image":{"@id":"https:\/\/famillefaisant.com\/#\/schema\/logo\/image\/"},"sameAs":["https:\/\/www.facebook.com\/famillefaisant","https:\/\/www.instagram.com\/famillefaisant\/"]}]}},"jetpack_sharing_enabled":true,"_links":{"self":[{"href":"https:\/\/famillefaisant.com\/en_en\/wp-json\/wp\/v2\/pages\/19","targetHints":{"allow":["GET"]}}],"collection":[{"href":"https:\/\/famillefaisant.com\/en_en\/wp-json\/wp\/v2\/pages"}],"about":[{"href":"https:\/\/famillefaisant.com\/en_en\/wp-json\/wp\/v2\/types\/page"}],"author":[{"embeddable":true,"href":"https:\/\/famillefaisant.com\/en_en\/wp-json\/wp\/v2\/users\/1"}],"replies":[{"embeddable":true,"href":"https:\/\/famillefaisant.com\/en_en\/wp-json\/wp\/v2\/comments?post=19"}],"version-history":[{"count":55,"href":"https:\/\/famillefaisant.com\/en_en\/wp-json\/wp\/v2\/pages\/19\/revisions"}],"predecessor-version":[{"id":1597,"href":"https:\/\/famillefaisant.com\/en_en\/wp-json\/wp\/v2\/pages\/19\/revisions\/1597"}],"wp:attachment":[{"href":"https:\/\/famillefaisant.com\/en_en\/wp-json\/wp\/v2\/media?parent=19"}],"curies":[{"name":"wp","href":"https:\/\/api.w.org\/{rel}","templated":true}]}}