{"id":36,"date":"2021-10-19T15:52:25","date_gmt":"2021-10-19T13:52:25","guid":{"rendered":"https:\/\/famillefaisant.com\/?page_id=36"},"modified":"2022-06-21T10:06:47","modified_gmt":"2022-06-21T08:06:47","slug":"mentions-legales","status":"publish","type":"page","link":"https:\/\/famillefaisant.com\/en_en\/contact\/mentions-legales\/","title":{"rendered":"Mentions l\u00e9gales"},"content":{"rendered":"\t\t<div data-elementor-type=\"wp-page\" data-elementor-id=\"36\" class=\"elementor elementor-36\" data-elementor-post-type=\"page\">\n\t\t\t\t\t\t<section class=\"elementor-section elementor-top-section elementor-element elementor-element-485482cc elementor-section-boxed elementor-section-height-default elementor-section-height-default\" data-id=\"485482cc\" data-element_type=\"section\" data-e-type=\"section\" data-settings=\"{&quot;background_background&quot;:&quot;classic&quot;,&quot;background_motion_fx_motion_fx_scrolling&quot;:&quot;yes&quot;,&quot;background_motion_fx_translateY_effect&quot;:&quot;yes&quot;,&quot;background_motion_fx_translateY_direction&quot;:&quot;negative&quot;,&quot;background_motion_fx_translateY_speed&quot;:{&quot;unit&quot;:&quot;px&quot;,&quot;size&quot;:4,&quot;sizes&quot;:[]},&quot;background_motion_fx_translateY_affectedRange&quot;:{&quot;unit&quot;:&quot;%&quot;,&quot;size&quot;:&quot;&quot;,&quot;sizes&quot;:{&quot;start&quot;:0,&quot;end&quot;:100}},&quot;background_motion_fx_devices&quot;:[&quot;desktop&quot;,&quot;tablet&quot;,&quot;mobile&quot;]}\">\n\t\t\t\t\t\t<div class=\"elementor-container elementor-column-gap-default\">\n\t\t\t\t\t<div class=\"elementor-column elementor-col-100 elementor-top-column elementor-element elementor-element-2290fc11\" data-id=\"2290fc11\" data-element_type=\"column\" data-e-type=\"column\">\n\t\t\t<div class=\"elementor-widget-wrap elementor-element-populated\">\n\t\t\t\t\t\t<div class=\"elementor-element elementor-element-3651d47b elementor-widget elementor-widget-heading\" data-id=\"3651d47b\" data-element_type=\"widget\" data-e-type=\"widget\" data-widget_type=\"heading.default\">\n\t\t\t\t<div class=\"elementor-widget-container\">\n\t\t\t\t\t<h1 class=\"elementor-heading-title elementor-size-default\">MENTIONS L\u00c9GALES<\/h1>\t\t\t\t<\/div>\n\t\t\t\t<\/div>\n\t\t\t\t\t<\/div>\n\t\t<\/div>\n\t\t\t\t\t<\/div>\n\t\t<\/section>\n\t\t\t\t<section class=\"elementor-section elementor-top-section elementor-element elementor-element-40a4bda3 elementor-reverse-tablet elementor-reverse-mobile elementor-section-boxed elementor-section-height-default elementor-section-height-default\" data-id=\"40a4bda3\" data-element_type=\"section\" data-e-type=\"section\">\n\t\t\t\t\t\t<div class=\"elementor-container elementor-column-gap-default\">\n\t\t\t\t\t<div class=\"elementor-column elementor-col-100 elementor-top-column elementor-element elementor-element-b2efaf4\" data-id=\"b2efaf4\" data-element_type=\"column\" data-e-type=\"column\">\n\t\t\t<div class=\"elementor-widget-wrap elementor-element-populated\">\n\t\t\t\t\t\t<div class=\"elementor-element elementor-element-53024859 elementor-invisible elementor-widget elementor-widget-heading\" data-id=\"53024859\" data-element_type=\"widget\" data-e-type=\"widget\" data-settings=\"{&quot;_animation&quot;:&quot;slideInRight&quot;}\" data-widget_type=\"heading.default\">\n\t\t\t\t<div class=\"elementor-widget-container\">\n\t\t\t\t\t<h1 class=\"elementor-heading-title elementor-size-default\">Mentions l\u00e9gales<\/h1>\t\t\t\t<\/div>\n\t\t\t\t<\/div>\n\t\t\t\t<div class=\"elementor-element elementor-element-2640de25 animated-slow elementor-invisible elementor-widget elementor-widget-text-editor\" data-id=\"2640de25\" data-element_type=\"widget\" data-e-type=\"widget\" data-settings=\"{&quot;_animation&quot;:&quot;slideInRight&quot;}\" data-widget_type=\"text-editor.default\">\n\t\t\t\t<div class=\"elementor-widget-container\">\n\t\t\t\t\t\t\t\t\t<p><strong>SITE, CI-APR\u00c8S \u201cLE SITE\u201d<\/strong><\/p><p><a href=\"https:\/\/famillefaisant.com\">www.famillefaisant.com<\/a><\/p><p>\u00a0<\/p><p><strong>DIRECTEUR DE PUBLICATION DU SITE<\/strong><\/p><p>Monsieur Charles Faisant<\/p><p>\u00a0<\/p><p><strong>EDITEUR DU SITE, CI-APR\u00c8S \u201cL\u2019EDITEUR\u201d<\/strong><\/p><p>DOMAINE SAINTE C\u00c9CILE DU PARC<\/p><p>SCEA au capital de 2.501.000 euros,<\/p><p>dont le si\u00e8ge social est \u00e0 P\u00c9ZENAS (34120), campagne Saint C\u00e9cile du Parc, immatricul\u00e9e au RCS de B\u00c9ZIERS D sous le num\u00e9ro 481 066 447<\/p><p><a href=\"mailto:contact@famillefaisant.com\">contact@famillefaisant.com<\/a><\/p><p><strong>\u00a0<\/strong><\/p><p><strong>CONCEPTION ET R\u00c9ALISATION DU SITE, CI-APR\u00c8S \u201cLE R\u00c9ALISATEUR\u201d<\/strong><\/p><p>AGENCE CREATIVO<\/p><p>SARL au capital de 1.000 euros,<\/p><p>dont le si\u00e8ge social est \u00e0 BEZIERS (34500), rue fran\u00e7aise n\u00b038, immatricul\u00e9e au RCS de BEZIERS sous le num\u00e9ro 535 048 508<\/p><p>contact@agencecreativo.com<\/p><p>\u00a0<\/p><p><strong>H\u00c9BERGEMENT DU SITE<\/strong><\/p><p>OVH<\/p><p>SAS au capital de 10.000.000 euros<\/p><p>Code APE 6202A<\/p><p>dont le si\u00e8ge social est \u00e0 ROUBAIX (59100), rue Kellermann n\u00b02, immatricul\u00e9e au RCS de ROUBAIX-TOURCOING sous le num\u00e9ro 424 761 4.<\/p>\t\t\t\t\t\t\t\t<\/div>\n\t\t\t\t<\/div>\n\t\t\t\t<div class=\"elementor-element elementor-element-b04d146 elementor-invisible elementor-widget elementor-widget-heading\" data-id=\"b04d146\" data-element_type=\"widget\" data-e-type=\"widget\" data-settings=\"{&quot;_animation&quot;:&quot;slideInRight&quot;}\" data-widget_type=\"heading.default\">\n\t\t\t\t<div class=\"elementor-widget-container\">\n\t\t\t\t\t<h1 class=\"elementor-heading-title elementor-size-default\">Conditions g\u00e9n\u00e9rales d'utilisation<\/h1>\t\t\t\t<\/div>\n\t\t\t\t<\/div>\n\t\t\t\t<div class=\"elementor-element elementor-element-7b872fb animated-slow elementor-invisible elementor-widget elementor-widget-text-editor\" data-id=\"7b872fb\" data-element_type=\"widget\" data-e-type=\"widget\" data-settings=\"{&quot;_animation&quot;:&quot;slideInRight&quot;}\" data-widget_type=\"text-editor.default\">\n\t\t\t\t<div class=\"elementor-widget-container\">\n\t\t\t\t\t\t\t\t\t<p><strong>ARTICLE 1 \u2013 CONTENU DU SITE<\/strong><\/p><p>Toutes les marques, photographies, textes, commentaires, illustrations, images anim\u00e9es ou non, s\u00e9quences vid\u00e9o, sons, ainsi que toutes les applications informatiques qui pourraient \u00eatre utilis\u00e9es pour faire fonctionner ce Site et plus g\u00e9n\u00e9ralement tous les \u00e9l\u00e9ments reproduits ou utilis\u00e9s sur le Site sont prot\u00e9g\u00e9s par les lois en vigueur au titre de la propri\u00e9t\u00e9 intellectuelle. Ils sont la propri\u00e9t\u00e9 pleine et enti\u00e8re de l\u2019Editeur ou de ses partenaires.<\/p><p>Toute reproduction, repr\u00e9sentation, utilisation ou adaptation, sous quelque forme que ce soit, de tout ou partie de ces \u00e9l\u00e9ments, y compris les applications informatiques, sans l\u2019accord pr\u00e9alable et \u00e9crit de l\u2019Editeur, sont strictement interdites. Le fait pour l\u2019Editeur de ne pas engager de proc\u00e9dure d\u00e8s la prise de connaissance de ces utilisations non autoris\u00e9es ne vaut pas acceptation desdites utilisations et renonciation aux poursuites.<\/p><p>\u00a0<\/p><p><strong>ARTICLE 2 \u2013 GESTION DU SITE<\/strong><\/p><p>Pour la bonne gestion du site, l\u2019\u00c9diteur pourra \u00e0 tout moment\u00a0:<\/p><ul><li>Suspendre, interrompre ou limiter l\u2019acc\u00e8s \u00e0 tout ou partie du Site, r\u00e9server l\u2019acc\u00e8s au Site, ou \u00e0 certaines parties du Site, \u00e0 une cat\u00e9gorie d\u00e9termin\u00e9e d\u2019internaute\u00a0;<\/li><li>Supprimer toute information pouvant en perturber le fonctionnement ou entrant en contravention avec les lois nationales ou internationales\u00a0;<\/li><li>Suspendre le Site afin de proc\u00e9der \u00e0 des mises \u00e0 jour.<\/li><\/ul><div>\u00a0<\/div><div>\u00a0<\/div><p><strong>ARTICLE 3 \u2013 RESPONSABILIT\u00c9S<\/strong><\/p><p>La responsabilit\u00e9 de l\u2019\u00c9diteur ne peut \u00eatre engag\u00e9e en cas de d\u00e9faillance, panne, difficult\u00e9 ou interruption de fonctionnement, emp\u00eachant l\u2019acc\u00e8s au Site ou \u00e0 une de ses fonctionnalit\u00e9s.<\/p><p>Le mat\u00e9riel de connexion au Site que vous utilisez est sous votre enti\u00e8re responsabilit\u00e9. Vous devez prendre toutes les mesures appropri\u00e9es pour prot\u00e9ger votre mat\u00e9riel et vos propres donn\u00e9es notamment d\u2019attaques virales par Internet. Vous \u00eates par ailleurs le seul responsable des sites et donn\u00e9es que vous consultez.<\/p><p>L\u2019\u00c9diteur ne pourra \u00eatre tenu responsable en cas de poursuites judiciaires \u00e0 votre encontre :<\/p><ul><li>du fait de l\u2019usage du Site ou de tout service accessible via Internet ;<\/li><li>du fait du non-respect par vous des pr\u00e9sentes conditions d\u2019utilisation.<\/li><\/ul><p>L\u2019\u00c9diteur n\u2019est pas responsable des dommages caus\u00e9s \u00e0 vous-m\u00eame, \u00e0 des tiers et\/ou \u00e0 votre \u00e9quipement du fait de votre connexion ou de votre utilisation du Site et vous renoncez \u00e0 toute action contre lui de ce fait.<\/p><p>\u00a0<\/p><p><strong>ARTICLE 4 \u2013 LIENS HYPERTEXTES<\/strong><\/p><p>Le R\u00e9alisateur et l\u2019\u00c9diteur du Site d\u00e9clinent toute responsabilit\u00e9 quant \u00e0 toute information rendue accessible depuis le Site via un lien quel qu\u2019il soit, lesdites informations n\u2019\u00e9tant pas sous leur contr\u00f4le.<\/p><p>La mise en place par-vous de tous liens hypertextes vers tout ou partie du Site est strictement interdite, sauf autorisation pr\u00e9alable et \u00e9crite de l\u2019\u00c9diteur.<\/p><p>L\u2019\u00c9diteur est libre de refuser cette autorisation sans avoir \u00e0 justifier de quelque mani\u00e8re que ce soit sa d\u00e9cision. Dans le cas o\u00f9 l\u2019\u00c9diteur accorderait son autorisation, celle-ci n\u2019est dans tous les cas que temporaire et pourra \u00eatre retir\u00e9e \u00e0 tout moment, sans obligation de justification.<\/p><p>Dans tous les cas, tout lien devra \u00eatre retir\u00e9 sur simple demande de l\u2019\u00c9diteur.<\/p><p>\u00a0<\/p><p><strong>ARTICLE 5 \u2013 COLLECTE DE DONN\u00c9ES<\/strong><\/p><p>Vous pouvez consulter le Site de fa\u00e7on anonyme sans fournir la moindre information personnelle.<\/p><p>Les informations que vous communiquerez sont exclusivement destin\u00e9es \u00e0 l\u2019\u00c9diteur et ne seront jamais utilis\u00e9es \u00e0 d\u2019autres fins que celles pour lesquelles vous les avez communiqu\u00e9es.<\/p><p>Conform\u00e9ment aux dispositions de la loi n\u00b0 78-17 du 6 janvier 1978 modifi\u00e9e, relative \u00e0 l\u2019informatique, aux fichiers et aux libert\u00e9s, vous disposez d\u2019un droit d\u2019acc\u00e8s, d\u2019interrogation, de modification et de suppression des informations qui vous concernent, \u00e0 exercer \u00e0 tout moment aupr\u00e8s de l\u2019\u00c9diteur, soit par courrier postal, soit par courriel, aux adresses de l\u2019\u00c9diteur mentionn\u00e9es \u00e0 l\u2019Article 1 des pr\u00e9sentes conditions d\u2019utilisation.<\/p><p>Pour des raisons de s\u00e9curit\u00e9 et \u00e9viter toute demande frauduleuse, cette demande devra \u00eatre accompagn\u00e9e d\u2019un justificatif d\u2019identit\u00e9. Apr\u00e8s traitement de la demande ce justificatif sera d\u00e9truit.<\/p>\t\t\t\t\t\t\t\t<\/div>\n\t\t\t\t<\/div>\n\t\t\t\t\t<\/div>\n\t\t<\/div>\n\t\t\t\t\t<\/div>\n\t\t<\/section>\n\t\t\t\t<\/div>\n\t\t","protected":false},"excerpt":{"rendered":"<p>MENTIONS L\u00c9GALES Mentions l\u00e9gales SITE, CI-APR\u00c8S \u201cLE SITE\u201d www.famillefaisant.com \u00a0 DIRECTEUR DE PUBLICATION DU SITE Monsieur Charles Faisant \u00a0 EDITEUR DU SITE, CI-APR\u00c8S \u201cL\u2019EDITEUR\u201d DOMAINE SAINTE C\u00c9CILE DU PARC SCEA au capital de 2.501.000 euros, dont le si\u00e8ge social est \u00e0 P\u00c9ZENAS (34120), campagne Saint C\u00e9cile du Parc, immatricul\u00e9e au RCS de B\u00c9ZIERS D sous [&hellip;]<\/p>\n","protected":false},"author":1,"featured_media":0,"parent":31,"menu_order":1,"comment_status":"closed","ping_status":"closed","template":"","meta":{"footnotes":""},"class_list":["post-36","page","type-page","status-publish","hentry"],"yoast_head":"<!-- This site is optimized with the Yoast SEO plugin v27.4 - https:\/\/yoast.com\/product\/yoast-seo-wordpress\/ -->\n<title>Famille FAISANT | Mentions l\u00e9gales<\/title>\n<meta name=\"description\" content=\"Au c\u0153ur du Languedoc, \u00e0 P\u00e9zenas proche de la M\u00e9diterran\u00e9e, se niche notre domaine Sainte C\u00e9cile du Parc. Un terroir exceptionnel.\" \/>\n<meta name=\"robots\" content=\"index, follow, max-snippet:-1, max-image-preview:large, max-video-preview:-1\" \/>\n<link rel=\"canonical\" href=\"https:\/\/famillefaisant.com\/en_en\/contact\/mentions-legales\/\" \/>\n<meta property=\"og:locale\" content=\"en_GB\" \/>\n<meta property=\"og:type\" content=\"article\" \/>\n<meta property=\"og:title\" content=\"Famille FAISANT | Mentions l\u00e9gales\" \/>\n<meta property=\"og:description\" content=\"Au c\u0153ur du Languedoc, \u00e0 P\u00e9zenas proche de la M\u00e9diterran\u00e9e, se niche notre domaine Sainte C\u00e9cile du Parc. Un terroir exceptionnel.\" \/>\n<meta property=\"og:url\" content=\"https:\/\/famillefaisant.com\/en_en\/contact\/mentions-legales\/\" \/>\n<meta property=\"og:site_name\" content=\"Famille FAISANT\" \/>\n<meta property=\"article:publisher\" content=\"https:\/\/www.facebook.com\/famillefaisant\" \/>\n<meta property=\"article:modified_time\" content=\"2022-06-21T08:06:47+00:00\" \/>\n<meta name=\"twitter:card\" content=\"summary_large_image\" \/>\n<meta name=\"twitter:label1\" content=\"Estimated reading time\" \/>\n\t<meta name=\"twitter:data1\" content=\"4 minutes\" \/>\n<script type=\"application\/ld+json\" class=\"yoast-schema-graph\">{\"@context\":\"https:\\\/\\\/schema.org\",\"@graph\":[{\"@type\":\"WebPage\",\"@id\":\"https:\\\/\\\/famillefaisant.com\\\/contact\\\/mentions-legales\\\/\",\"url\":\"https:\\\/\\\/famillefaisant.com\\\/contact\\\/mentions-legales\\\/\",\"name\":\"Famille FAISANT | Mentions l\u00e9gales\",\"isPartOf\":{\"@id\":\"https:\\\/\\\/famillefaisant.com\\\/#website\"},\"datePublished\":\"2021-10-19T13:52:25+00:00\",\"dateModified\":\"2022-06-21T08:06:47+00:00\",\"description\":\"Au c\u0153ur du Languedoc, \u00e0 P\u00e9zenas proche de la M\u00e9diterran\u00e9e, se niche notre domaine Sainte C\u00e9cile du Parc. Un terroir exceptionnel.\",\"breadcrumb\":{\"@id\":\"https:\\\/\\\/famillefaisant.com\\\/contact\\\/mentions-legales\\\/#breadcrumb\"},\"inLanguage\":\"en-GB\",\"potentialAction\":[{\"@type\":\"ReadAction\",\"target\":[\"https:\\\/\\\/famillefaisant.com\\\/contact\\\/mentions-legales\\\/\"]}]},{\"@type\":\"BreadcrumbList\",\"@id\":\"https:\\\/\\\/famillefaisant.com\\\/contact\\\/mentions-legales\\\/#breadcrumb\",\"itemListElement\":[{\"@type\":\"ListItem\",\"position\":1,\"name\":\"Accueil\",\"item\":\"https:\\\/\\\/famillefaisant.com\\\/\"},{\"@type\":\"ListItem\",\"position\":2,\"name\":\"Contact\",\"item\":\"https:\\\/\\\/famillefaisant.com\\\/contact\\\/\"},{\"@type\":\"ListItem\",\"position\":3,\"name\":\"Mentions l\u00e9gales\"}]},{\"@type\":\"WebSite\",\"@id\":\"https:\\\/\\\/famillefaisant.com\\\/#website\",\"url\":\"https:\\\/\\\/famillefaisant.com\\\/\",\"name\":\"Famille FAISANT\",\"description\":\"Vigneron authentique\",\"publisher\":{\"@id\":\"https:\\\/\\\/famillefaisant.com\\\/#organization\"},\"potentialAction\":[{\"@type\":\"SearchAction\",\"target\":{\"@type\":\"EntryPoint\",\"urlTemplate\":\"https:\\\/\\\/famillefaisant.com\\\/?s={search_term_string}\"},\"query-input\":{\"@type\":\"PropertyValueSpecification\",\"valueRequired\":true,\"valueName\":\"search_term_string\"}}],\"inLanguage\":\"en-GB\"},{\"@type\":\"Organization\",\"@id\":\"https:\\\/\\\/famillefaisant.com\\\/#organization\",\"name\":\"Famille Faisant | Domaine Sainte C\u00e9cile du Parc\",\"url\":\"https:\\\/\\\/famillefaisant.com\\\/\",\"logo\":{\"@type\":\"ImageObject\",\"inLanguage\":\"en-GB\",\"@id\":\"https:\\\/\\\/famillefaisant.com\\\/#\\\/schema\\\/logo\\\/image\\\/\",\"url\":\"https:\\\/\\\/famillefaisant.com\\\/wp-content\\\/uploads\\\/2021\\\/10\\\/Chemin-Faisant_Logo.png\",\"contentUrl\":\"https:\\\/\\\/famillefaisant.com\\\/wp-content\\\/uploads\\\/2021\\\/10\\\/Chemin-Faisant_Logo.png\",\"width\":1500,\"height\":1385,\"caption\":\"Famille Faisant | Domaine Sainte C\u00e9cile du Parc\"},\"image\":{\"@id\":\"https:\\\/\\\/famillefaisant.com\\\/#\\\/schema\\\/logo\\\/image\\\/\"},\"sameAs\":[\"https:\\\/\\\/www.facebook.com\\\/famillefaisant\",\"https:\\\/\\\/www.instagram.com\\\/famillefaisant\\\/\"]}]}<\/script>\n<!-- \/ Yoast SEO plugin. -->","yoast_head_json":{"title":"Famille FAISANT | Mentions l\u00e9gales","description":"Au c\u0153ur du Languedoc, \u00e0 P\u00e9zenas proche de la M\u00e9diterran\u00e9e, se niche notre domaine Sainte C\u00e9cile du Parc. Un terroir exceptionnel.","robots":{"index":"index","follow":"follow","max-snippet":"max-snippet:-1","max-image-preview":"max-image-preview:large","max-video-preview":"max-video-preview:-1"},"canonical":"https:\/\/famillefaisant.com\/en_en\/contact\/mentions-legales\/","og_locale":"en_GB","og_type":"article","og_title":"Famille FAISANT | Mentions l\u00e9gales","og_description":"Au c\u0153ur du Languedoc, \u00e0 P\u00e9zenas proche de la M\u00e9diterran\u00e9e, se niche notre domaine Sainte C\u00e9cile du Parc. Un terroir exceptionnel.","og_url":"https:\/\/famillefaisant.com\/en_en\/contact\/mentions-legales\/","og_site_name":"Famille FAISANT","article_publisher":"https:\/\/www.facebook.com\/famillefaisant","article_modified_time":"2022-06-21T08:06:47+00:00","twitter_card":"summary_large_image","twitter_misc":{"Estimated reading time":"4 minutes"},"schema":{"@context":"https:\/\/schema.org","@graph":[{"@type":"WebPage","@id":"https:\/\/famillefaisant.com\/contact\/mentions-legales\/","url":"https:\/\/famillefaisant.com\/contact\/mentions-legales\/","name":"Famille FAISANT | Mentions l\u00e9gales","isPartOf":{"@id":"https:\/\/famillefaisant.com\/#website"},"datePublished":"2021-10-19T13:52:25+00:00","dateModified":"2022-06-21T08:06:47+00:00","description":"Au c\u0153ur du Languedoc, \u00e0 P\u00e9zenas proche de la M\u00e9diterran\u00e9e, se niche notre domaine Sainte C\u00e9cile du Parc. Un terroir exceptionnel.","breadcrumb":{"@id":"https:\/\/famillefaisant.com\/contact\/mentions-legales\/#breadcrumb"},"inLanguage":"en-GB","potentialAction":[{"@type":"ReadAction","target":["https:\/\/famillefaisant.com\/contact\/mentions-legales\/"]}]},{"@type":"BreadcrumbList","@id":"https:\/\/famillefaisant.com\/contact\/mentions-legales\/#breadcrumb","itemListElement":[{"@type":"ListItem","position":1,"name":"Accueil","item":"https:\/\/famillefaisant.com\/"},{"@type":"ListItem","position":2,"name":"Contact","item":"https:\/\/famillefaisant.com\/contact\/"},{"@type":"ListItem","position":3,"name":"Mentions l\u00e9gales"}]},{"@type":"WebSite","@id":"https:\/\/famillefaisant.com\/#website","url":"https:\/\/famillefaisant.com\/","name":"Famille FAISANT","description":"Vigneron authentique","publisher":{"@id":"https:\/\/famillefaisant.com\/#organization"},"potentialAction":[{"@type":"SearchAction","target":{"@type":"EntryPoint","urlTemplate":"https:\/\/famillefaisant.com\/?s={search_term_string}"},"query-input":{"@type":"PropertyValueSpecification","valueRequired":true,"valueName":"search_term_string"}}],"inLanguage":"en-GB"},{"@type":"Organization","@id":"https:\/\/famillefaisant.com\/#organization","name":"Famille Faisant | Domaine Sainte C\u00e9cile du Parc","url":"https:\/\/famillefaisant.com\/","logo":{"@type":"ImageObject","inLanguage":"en-GB","@id":"https:\/\/famillefaisant.com\/#\/schema\/logo\/image\/","url":"https:\/\/famillefaisant.com\/wp-content\/uploads\/2021\/10\/Chemin-Faisant_Logo.png","contentUrl":"https:\/\/famillefaisant.com\/wp-content\/uploads\/2021\/10\/Chemin-Faisant_Logo.png","width":1500,"height":1385,"caption":"Famille Faisant | Domaine Sainte C\u00e9cile du Parc"},"image":{"@id":"https:\/\/famillefaisant.com\/#\/schema\/logo\/image\/"},"sameAs":["https:\/\/www.facebook.com\/famillefaisant","https:\/\/www.instagram.com\/famillefaisant\/"]}]}},"jetpack_sharing_enabled":true,"_links":{"self":[{"href":"https:\/\/famillefaisant.com\/en_en\/wp-json\/wp\/v2\/pages\/36","targetHints":{"allow":["GET"]}}],"collection":[{"href":"https:\/\/famillefaisant.com\/en_en\/wp-json\/wp\/v2\/pages"}],"about":[{"href":"https:\/\/famillefaisant.com\/en_en\/wp-json\/wp\/v2\/types\/page"}],"author":[{"embeddable":true,"href":"https:\/\/famillefaisant.com\/en_en\/wp-json\/wp\/v2\/users\/1"}],"replies":[{"embeddable":true,"href":"https:\/\/famillefaisant.com\/en_en\/wp-json\/wp\/v2\/comments?post=36"}],"version-history":[{"count":31,"href":"https:\/\/famillefaisant.com\/en_en\/wp-json\/wp\/v2\/pages\/36\/revisions"}],"predecessor-version":[{"id":650,"href":"https:\/\/famillefaisant.com\/en_en\/wp-json\/wp\/v2\/pages\/36\/revisions\/650"}],"up":[{"embeddable":true,"href":"https:\/\/famillefaisant.com\/en_en\/wp-json\/wp\/v2\/pages\/31"}],"wp:attachment":[{"href":"https:\/\/famillefaisant.com\/en_en\/wp-json\/wp\/v2\/media?parent=36"}],"curies":[{"name":"wp","href":"https:\/\/api.w.org\/{rel}","templated":true}]}}