{"id":1065,"date":"2024-05-23T15:08:44","date_gmt":"2024-05-23T13:08:44","guid":{"rendered":"https:\/\/famillefaisant.com\/?post_type=product&#038;p=1065"},"modified":"2025-12-11T10:50:37","modified_gmt":"2025-12-11T09:50:37","slug":"lalchimie","status":"publish","type":"product","link":"https:\/\/famillefaisant.com\/en_en\/product\/lalchimie\/","title":{"rendered":"L&rsquo;Alchimie"},"content":{"rendered":"<p><strong>C\u00e9pages<\/strong> : 50% Sauvignon Blanc, 50% Sauvignon gris<\/p>\n<p><strong>Robe<\/strong> : or fin cristallin<\/p>\n<p><strong>Nez<\/strong> : notes de fruits blancs \u00e0 noyaux, citron confit, finement miell\u00e9es, \u00e9pic\u00e9es et toast\u00e9es.<\/p>\n<p><strong>Bouche<\/strong> : belle vivacite\u0301, matie\u0300re riche et onctueuse. De\u0301licatement boise\u0301 au grain d\u2018une extre\u0302me finesse. Parfait e\u0301quilibre, fraicheur sensationnelle et persistance aromatique<\/p>\n<p><strong>Accords mets-vins<\/strong> : en ouvrant la bouteille une heure avant de l\u2018appre\u0301cier frais dans des grands verres, sur des viandes blanches, des poissons aux saveurs e\u0301pice\u0301es, des plats exotiques, plus classique sur des fromages affine\u0301s.<\/p>","protected":false},"excerpt":{"rendered":"<p>C\u00e9pages : 50% Sauvignon Blanc, 50% Sauvignon gris Robe : or fin cristallin Nez : notes de fruits blancs \u00e0 noyaux, citron confit, finement miell\u00e9es, \u00e9pic\u00e9es et toast\u00e9es. Bouche : belle vivacite\u0301, matie\u0300re riche et onctueuse. De\u0301licatement boise\u0301 au grain d\u2018une extre\u0302me finesse. Parfait e\u0301quilibre, fraicheur sensationnelle et persistance aromatique Accords mets-vins : en ouvrant [&hellip;]<\/p>\n","protected":false},"featured_media":1088,"template":"","meta":[],"product_brand":[],"product_cat":[24],"product_tag":[],"class_list":{"0":"post-1065","1":"product","2":"type-product","3":"status-publish","4":"has-post-thumbnail","6":"product_cat-vins-blanc","8":"first","9":"instock","10":"shipping-taxable","11":"purchasable","12":"product-type-variable"},"yoast_head":"<!-- This site is optimized with the Yoast SEO plugin v27.3 - https:\/\/yoast.com\/product\/yoast-seo-wordpress\/ -->\n<title>Famille FAISANT | L&#039;Alchimie<\/title>\n<meta name=\"description\" content=\"Nos vins sont \u00e9labor\u00e9s avec passion, il s\u2019agit d\u2019un enfant qui n\u00e9 chaque ann\u00e9e et que l\u2019on accompagne dans le temps.\" \/>\n<meta name=\"robots\" content=\"index, follow, max-snippet:-1, max-image-preview:large, max-video-preview:-1\" \/>\n<link rel=\"canonical\" href=\"https:\/\/famillefaisant.com\/en_en\/product\/lalchimie\/\" \/>\n<meta property=\"og:locale\" content=\"en_GB\" \/>\n<meta property=\"og:type\" content=\"article\" \/>\n<meta property=\"og:title\" content=\"Famille FAISANT | L&#039;Alchimie\" \/>\n<meta property=\"og:description\" content=\"Nos vins sont \u00e9labor\u00e9s avec passion, il s\u2019agit d\u2019un enfant qui n\u00e9 chaque ann\u00e9e et que l\u2019on accompagne dans le temps.\" \/>\n<meta property=\"og:url\" content=\"https:\/\/famillefaisant.com\/en_en\/product\/lalchimie\/\" \/>\n<meta property=\"og:site_name\" content=\"Famille FAISANT\" \/>\n<meta property=\"article:publisher\" content=\"https:\/\/www.facebook.com\/famillefaisant\" \/>\n<meta property=\"article:modified_time\" content=\"2025-12-11T09:50:37+00:00\" \/>\n<meta property=\"og:image\" content=\"https:\/\/famillefaisant.com\/wp-content\/uploads\/2024\/05\/Clos-du-Chene-Alchimie.png\" \/>\n\t<meta property=\"og:image:width\" content=\"600\" \/>\n\t<meta property=\"og:image:height\" content=\"600\" \/>\n\t<meta property=\"og:image:type\" content=\"image\/png\" \/>\n<meta name=\"twitter:card\" content=\"summary_large_image\" \/>\n<meta name=\"twitter:label1\" content=\"Estimated reading time\" \/>\n\t<meta name=\"twitter:data1\" content=\"1 minute\" \/>\n<script type=\"application\/ld+json\" class=\"yoast-schema-graph\">{\"@context\":\"https:\\\/\\\/schema.org\",\"@graph\":[{\"@type\":\"WebPage\",\"@id\":\"https:\\\/\\\/famillefaisant.com\\\/produit\\\/lalchimie\\\/\",\"url\":\"https:\\\/\\\/famillefaisant.com\\\/produit\\\/lalchimie\\\/\",\"name\":\"Famille FAISANT | L'Alchimie\",\"isPartOf\":{\"@id\":\"https:\\\/\\\/famillefaisant.com\\\/#website\"},\"primaryImageOfPage\":{\"@id\":\"https:\\\/\\\/famillefaisant.com\\\/produit\\\/lalchimie\\\/#primaryimage\"},\"image\":{\"@id\":\"https:\\\/\\\/famillefaisant.com\\\/produit\\\/lalchimie\\\/#primaryimage\"},\"thumbnailUrl\":\"https:\\\/\\\/famillefaisant.com\\\/wp-content\\\/uploads\\\/2024\\\/05\\\/Clos-du-Chene-Alchimie.png\",\"datePublished\":\"2024-05-23T13:08:44+00:00\",\"dateModified\":\"2025-12-11T09:50:37+00:00\",\"description\":\"Nos vins sont \u00e9labor\u00e9s avec passion, il s\u2019agit d\u2019un enfant qui n\u00e9 chaque ann\u00e9e et que l\u2019on accompagne dans le temps.\",\"breadcrumb\":{\"@id\":\"https:\\\/\\\/famillefaisant.com\\\/produit\\\/lalchimie\\\/#breadcrumb\"},\"inLanguage\":\"en-GB\",\"potentialAction\":[{\"@type\":\"ReadAction\",\"target\":[\"https:\\\/\\\/famillefaisant.com\\\/produit\\\/lalchimie\\\/\"]}]},{\"@type\":\"ImageObject\",\"inLanguage\":\"en-GB\",\"@id\":\"https:\\\/\\\/famillefaisant.com\\\/produit\\\/lalchimie\\\/#primaryimage\",\"url\":\"https:\\\/\\\/famillefaisant.com\\\/wp-content\\\/uploads\\\/2024\\\/05\\\/Clos-du-Chene-Alchimie.png\",\"contentUrl\":\"https:\\\/\\\/famillefaisant.com\\\/wp-content\\\/uploads\\\/2024\\\/05\\\/Clos-du-Chene-Alchimie.png\",\"width\":600,\"height\":600,\"caption\":\"Clos du Ch\u00eane Alchimie blanc famille faisant\"},{\"@type\":\"BreadcrumbList\",\"@id\":\"https:\\\/\\\/famillefaisant.com\\\/produit\\\/lalchimie\\\/#breadcrumb\",\"itemListElement\":[{\"@type\":\"ListItem\",\"position\":1,\"name\":\"Accueil\",\"item\":\"https:\\\/\\\/famillefaisant.com\\\/\"},{\"@type\":\"ListItem\",\"position\":2,\"name\":\"Produits\",\"item\":\"https:\\\/\\\/famillefaisant.com\\\/shop\\\/\"},{\"@type\":\"ListItem\",\"position\":3,\"name\":\"L&rsquo;Alchimie\"}]},{\"@type\":\"WebSite\",\"@id\":\"https:\\\/\\\/famillefaisant.com\\\/#website\",\"url\":\"https:\\\/\\\/famillefaisant.com\\\/\",\"name\":\"Famille FAISANT\",\"description\":\"Vigneron authentique\",\"publisher\":{\"@id\":\"https:\\\/\\\/famillefaisant.com\\\/#organization\"},\"potentialAction\":[{\"@type\":\"SearchAction\",\"target\":{\"@type\":\"EntryPoint\",\"urlTemplate\":\"https:\\\/\\\/famillefaisant.com\\\/?s={search_term_string}\"},\"query-input\":{\"@type\":\"PropertyValueSpecification\",\"valueRequired\":true,\"valueName\":\"search_term_string\"}}],\"inLanguage\":\"en-GB\"},{\"@type\":\"Organization\",\"@id\":\"https:\\\/\\\/famillefaisant.com\\\/#organization\",\"name\":\"Famille Faisant | Domaine Sainte C\u00e9cile du Parc\",\"url\":\"https:\\\/\\\/famillefaisant.com\\\/\",\"logo\":{\"@type\":\"ImageObject\",\"inLanguage\":\"en-GB\",\"@id\":\"https:\\\/\\\/famillefaisant.com\\\/#\\\/schema\\\/logo\\\/image\\\/\",\"url\":\"https:\\\/\\\/famillefaisant.com\\\/wp-content\\\/uploads\\\/2021\\\/10\\\/Chemin-Faisant_Logo.png\",\"contentUrl\":\"https:\\\/\\\/famillefaisant.com\\\/wp-content\\\/uploads\\\/2021\\\/10\\\/Chemin-Faisant_Logo.png\",\"width\":1500,\"height\":1385,\"caption\":\"Famille Faisant | Domaine Sainte C\u00e9cile du Parc\"},\"image\":{\"@id\":\"https:\\\/\\\/famillefaisant.com\\\/#\\\/schema\\\/logo\\\/image\\\/\"},\"sameAs\":[\"https:\\\/\\\/www.facebook.com\\\/famillefaisant\",\"https:\\\/\\\/www.instagram.com\\\/famillefaisant\\\/\"]}]}<\/script>\n<!-- \/ Yoast SEO plugin. -->","yoast_head_json":{"title":"Famille FAISANT | L'Alchimie","description":"Nos vins sont \u00e9labor\u00e9s avec passion, il s\u2019agit d\u2019un enfant qui n\u00e9 chaque ann\u00e9e et que l\u2019on accompagne dans le temps.","robots":{"index":"index","follow":"follow","max-snippet":"max-snippet:-1","max-image-preview":"max-image-preview:large","max-video-preview":"max-video-preview:-1"},"canonical":"https:\/\/famillefaisant.com\/en_en\/product\/lalchimie\/","og_locale":"en_GB","og_type":"article","og_title":"Famille FAISANT | L'Alchimie","og_description":"Nos vins sont \u00e9labor\u00e9s avec passion, il s\u2019agit d\u2019un enfant qui n\u00e9 chaque ann\u00e9e et que l\u2019on accompagne dans le temps.","og_url":"https:\/\/famillefaisant.com\/en_en\/product\/lalchimie\/","og_site_name":"Famille FAISANT","article_publisher":"https:\/\/www.facebook.com\/famillefaisant","article_modified_time":"2025-12-11T09:50:37+00:00","og_image":[{"width":600,"height":600,"url":"https:\/\/famillefaisant.com\/wp-content\/uploads\/2024\/05\/Clos-du-Chene-Alchimie.png","type":"image\/png"}],"twitter_card":"summary_large_image","twitter_misc":{"Estimated reading time":"1 minute"},"schema":{"@context":"https:\/\/schema.org","@graph":[{"@type":"WebPage","@id":"https:\/\/famillefaisant.com\/produit\/lalchimie\/","url":"https:\/\/famillefaisant.com\/produit\/lalchimie\/","name":"Famille FAISANT | L'Alchimie","isPartOf":{"@id":"https:\/\/famillefaisant.com\/#website"},"primaryImageOfPage":{"@id":"https:\/\/famillefaisant.com\/produit\/lalchimie\/#primaryimage"},"image":{"@id":"https:\/\/famillefaisant.com\/produit\/lalchimie\/#primaryimage"},"thumbnailUrl":"https:\/\/famillefaisant.com\/wp-content\/uploads\/2024\/05\/Clos-du-Chene-Alchimie.png","datePublished":"2024-05-23T13:08:44+00:00","dateModified":"2025-12-11T09:50:37+00:00","description":"Nos vins sont \u00e9labor\u00e9s avec passion, il s\u2019agit d\u2019un enfant qui n\u00e9 chaque ann\u00e9e et que l\u2019on accompagne dans le temps.","breadcrumb":{"@id":"https:\/\/famillefaisant.com\/produit\/lalchimie\/#breadcrumb"},"inLanguage":"en-GB","potentialAction":[{"@type":"ReadAction","target":["https:\/\/famillefaisant.com\/produit\/lalchimie\/"]}]},{"@type":"ImageObject","inLanguage":"en-GB","@id":"https:\/\/famillefaisant.com\/produit\/lalchimie\/#primaryimage","url":"https:\/\/famillefaisant.com\/wp-content\/uploads\/2024\/05\/Clos-du-Chene-Alchimie.png","contentUrl":"https:\/\/famillefaisant.com\/wp-content\/uploads\/2024\/05\/Clos-du-Chene-Alchimie.png","width":600,"height":600,"caption":"Clos du Ch\u00eane Alchimie blanc famille faisant"},{"@type":"BreadcrumbList","@id":"https:\/\/famillefaisant.com\/produit\/lalchimie\/#breadcrumb","itemListElement":[{"@type":"ListItem","position":1,"name":"Accueil","item":"https:\/\/famillefaisant.com\/"},{"@type":"ListItem","position":2,"name":"Produits","item":"https:\/\/famillefaisant.com\/shop\/"},{"@type":"ListItem","position":3,"name":"L&rsquo;Alchimie"}]},{"@type":"WebSite","@id":"https:\/\/famillefaisant.com\/#website","url":"https:\/\/famillefaisant.com\/","name":"Famille FAISANT","description":"Vigneron authentique","publisher":{"@id":"https:\/\/famillefaisant.com\/#organization"},"potentialAction":[{"@type":"SearchAction","target":{"@type":"EntryPoint","urlTemplate":"https:\/\/famillefaisant.com\/?s={search_term_string}"},"query-input":{"@type":"PropertyValueSpecification","valueRequired":true,"valueName":"search_term_string"}}],"inLanguage":"en-GB"},{"@type":"Organization","@id":"https:\/\/famillefaisant.com\/#organization","name":"Famille Faisant | Domaine Sainte C\u00e9cile du Parc","url":"https:\/\/famillefaisant.com\/","logo":{"@type":"ImageObject","inLanguage":"en-GB","@id":"https:\/\/famillefaisant.com\/#\/schema\/logo\/image\/","url":"https:\/\/famillefaisant.com\/wp-content\/uploads\/2021\/10\/Chemin-Faisant_Logo.png","contentUrl":"https:\/\/famillefaisant.com\/wp-content\/uploads\/2021\/10\/Chemin-Faisant_Logo.png","width":1500,"height":1385,"caption":"Famille Faisant | Domaine Sainte C\u00e9cile du Parc"},"image":{"@id":"https:\/\/famillefaisant.com\/#\/schema\/logo\/image\/"},"sameAs":["https:\/\/www.facebook.com\/famillefaisant","https:\/\/www.instagram.com\/famillefaisant\/"]}]}},"jetpack_sharing_enabled":true,"_links":{"self":[{"href":"https:\/\/famillefaisant.com\/en_en\/wp-json\/wp\/v2\/product\/1065","targetHints":{"allow":["GET"]}}],"collection":[{"href":"https:\/\/famillefaisant.com\/en_en\/wp-json\/wp\/v2\/product"}],"about":[{"href":"https:\/\/famillefaisant.com\/en_en\/wp-json\/wp\/v2\/types\/product"}],"wp:featuredmedia":[{"embeddable":true,"href":"https:\/\/famillefaisant.com\/en_en\/wp-json\/wp\/v2\/media\/1088"}],"wp:attachment":[{"href":"https:\/\/famillefaisant.com\/en_en\/wp-json\/wp\/v2\/media?parent=1065"}],"wp:term":[{"taxonomy":"product_brand","embeddable":true,"href":"https:\/\/famillefaisant.com\/en_en\/wp-json\/wp\/v2\/product_brand?post=1065"},{"taxonomy":"product_cat","embeddable":true,"href":"https:\/\/famillefaisant.com\/en_en\/wp-json\/wp\/v2\/product_cat?post=1065"},{"taxonomy":"product_tag","embeddable":true,"href":"https:\/\/famillefaisant.com\/en_en\/wp-json\/wp\/v2\/product_tag?post=1065"}],"curies":[{"name":"wp","href":"https:\/\/api.w.org\/{rel}","templated":true}]}}