{"id":166,"date":"2024-11-12T16:19:06","date_gmt":"2024-11-12T15:19:06","guid":{"rendered":"https:\/\/famillefaisant.com\/?post_type=product&#038;p=166"},"modified":"2025-12-11T16:02:41","modified_gmt":"2025-12-11T15:02:41","slug":"authentique","status":"publish","type":"product","link":"https:\/\/famillefaisant.com\/en_en\/product\/authentique\/","title":{"rendered":"L&rsquo;Authentique"},"content":{"rendered":"<p><strong>C\u00e9pages : <\/strong>100% Syrah.<br \/>\n<strong>Robe :<\/strong> Pourpre et brillante.<br \/>\n<strong>Nez :<\/strong> Des ar\u00f4mes de fruits noirs, d&rsquo;\u00e9pices fum\u00e9es et d&rsquo;herbes aromatiques.<br \/>\n<strong>Bouche:<\/strong> Des ar\u00f4mes de fruits noirs, d&rsquo;\u00e9pices fum\u00e9es et d&rsquo;herbes aromatiques.<br \/>\n<strong>Accords mets-vins :<\/strong> Dos de cabillaud au chorizo, d\u00f4me de Spaghettis farci<\/p>\n<p><em><strong>A savoir<\/strong> : notre mill\u00e9sime 2023 a \u00e9t\u00e9 m\u00e9daill\u00e9 d&rsquo;or par le concours Vinalies !\u00a0<\/em><\/p>\n<figure id=\"attachment_1092\" aria-describedby=\"caption-attachment-1092\" style=\"width: 300px\" class=\"wp-caption alignnone\"><img fetchpriority=\"high\" decoding=\"async\" class=\"size-medium wp-image-1092\" src=\"https:\/\/famillefaisant.com\/wp-content\/uploads\/2022\/02\/post-insta-vinalies--300x300.png\" alt=\"Vinalies m\u00e9daille Or Authentique 2023 Famille Faisant\" width=\"300\" height=\"300\" srcset=\"https:\/\/famillefaisant.com\/wp-content\/uploads\/2022\/02\/post-insta-vinalies--300x300.png 300w, https:\/\/famillefaisant.com\/wp-content\/uploads\/2022\/02\/post-insta-vinalies--100x100.png 100w, https:\/\/famillefaisant.com\/wp-content\/uploads\/2022\/02\/post-insta-vinalies--600x600.png 600w, https:\/\/famillefaisant.com\/wp-content\/uploads\/2022\/02\/post-insta-vinalies--1024x1024.png 1024w, https:\/\/famillefaisant.com\/wp-content\/uploads\/2022\/02\/post-insta-vinalies--150x150.png 150w, https:\/\/famillefaisant.com\/wp-content\/uploads\/2022\/02\/post-insta-vinalies--768x768.png 768w, https:\/\/famillefaisant.com\/wp-content\/uploads\/2022\/02\/post-insta-vinalies--12x12.png 12w, https:\/\/famillefaisant.com\/wp-content\/uploads\/2022\/02\/post-insta-vinalies-.png 1080w\" sizes=\"(max-width: 300px) 100vw, 300px\" \/><figcaption id=\"caption-attachment-1092\" class=\"wp-caption-text\">Vinalies m\u00e9daille Or Authentique 2023 Famille Faisant<\/figcaption><\/figure>","protected":false},"excerpt":{"rendered":"<p><a href=\"https:\/\/famillefaisant.com\/wp-content\/uploads\/2024\/01\/8.png\" target=\"_blank\" rel=\"noopener\">T\u00e9l\u00e9chargez la fiche technique<\/a><\/p>","protected":false},"featured_media":491,"template":"","meta":[],"product_brand":[],"product_cat":[23],"product_tag":[],"class_list":{"0":"post-166","1":"product","2":"type-product","3":"status-publish","4":"has-post-thumbnail","6":"product_cat-vins-rouge","8":"first","9":"instock","10":"shipping-taxable","11":"purchasable","12":"product-type-variable"},"yoast_head":"<!-- This site is optimized with the Yoast SEO plugin v27.3 - https:\/\/yoast.com\/product\/yoast-seo-wordpress\/ -->\n<title>Famille FAISANT | L&#039;Authentique<\/title>\n<meta name=\"description\" content=\"Nos vins sont \u00e9labor\u00e9s avec passion, il s\u2019agit d\u2019un enfant qui n\u00e9 chaque ann\u00e9e et que l\u2019on accompagne dans le temps.\" \/>\n<meta name=\"robots\" content=\"index, follow, max-snippet:-1, max-image-preview:large, max-video-preview:-1\" \/>\n<link rel=\"canonical\" href=\"https:\/\/famillefaisant.com\/en_en\/product\/authentique\/\" \/>\n<meta property=\"og:locale\" content=\"en_GB\" \/>\n<meta property=\"og:type\" content=\"article\" \/>\n<meta property=\"og:title\" content=\"Famille FAISANT | L&#039;Authentique\" \/>\n<meta property=\"og:description\" content=\"Nos vins sont \u00e9labor\u00e9s avec passion, il s\u2019agit d\u2019un enfant qui n\u00e9 chaque ann\u00e9e et que l\u2019on accompagne dans le temps.\" \/>\n<meta property=\"og:url\" content=\"https:\/\/famillefaisant.com\/en_en\/product\/authentique\/\" \/>\n<meta property=\"og:site_name\" content=\"Famille FAISANT\" \/>\n<meta property=\"article:publisher\" content=\"https:\/\/www.facebook.com\/famillefaisant\" \/>\n<meta property=\"article:modified_time\" content=\"2025-12-11T15:02:41+00:00\" \/>\n<meta property=\"og:image\" content=\"https:\/\/famillefaisant.com\/wp-content\/uploads\/2022\/02\/FamilleFaisant_Ps_Rouge_Authentique-copie.png\" \/>\n\t<meta property=\"og:image:width\" content=\"2486\" \/>\n\t<meta property=\"og:image:height\" content=\"2486\" \/>\n\t<meta property=\"og:image:type\" content=\"image\/png\" \/>\n<meta name=\"twitter:card\" content=\"summary_large_image\" \/>\n<meta name=\"twitter:label1\" content=\"Estimated reading time\" \/>\n\t<meta name=\"twitter:data1\" content=\"1 minute\" \/>\n<script type=\"application\/ld+json\" class=\"yoast-schema-graph\">{\"@context\":\"https:\\\/\\\/schema.org\",\"@graph\":[{\"@type\":\"WebPage\",\"@id\":\"https:\\\/\\\/famillefaisant.com\\\/produit\\\/authentique\\\/\",\"url\":\"https:\\\/\\\/famillefaisant.com\\\/produit\\\/authentique\\\/\",\"name\":\"Famille FAISANT | L'Authentique\",\"isPartOf\":{\"@id\":\"https:\\\/\\\/famillefaisant.com\\\/#website\"},\"primaryImageOfPage\":{\"@id\":\"https:\\\/\\\/famillefaisant.com\\\/produit\\\/authentique\\\/#primaryimage\"},\"image\":{\"@id\":\"https:\\\/\\\/famillefaisant.com\\\/produit\\\/authentique\\\/#primaryimage\"},\"thumbnailUrl\":\"https:\\\/\\\/famillefaisant.com\\\/wp-content\\\/uploads\\\/2022\\\/02\\\/FamilleFaisant_Ps_Rouge_Authentique-copie.png\",\"datePublished\":\"2024-11-12T15:19:06+00:00\",\"dateModified\":\"2025-12-11T15:02:41+00:00\",\"description\":\"Nos vins sont \u00e9labor\u00e9s avec passion, il s\u2019agit d\u2019un enfant qui n\u00e9 chaque ann\u00e9e et que l\u2019on accompagne dans le temps.\",\"breadcrumb\":{\"@id\":\"https:\\\/\\\/famillefaisant.com\\\/produit\\\/authentique\\\/#breadcrumb\"},\"inLanguage\":\"en-GB\",\"potentialAction\":[{\"@type\":\"ReadAction\",\"target\":[\"https:\\\/\\\/famillefaisant.com\\\/produit\\\/authentique\\\/\"]}]},{\"@type\":\"ImageObject\",\"inLanguage\":\"en-GB\",\"@id\":\"https:\\\/\\\/famillefaisant.com\\\/produit\\\/authentique\\\/#primaryimage\",\"url\":\"https:\\\/\\\/famillefaisant.com\\\/wp-content\\\/uploads\\\/2022\\\/02\\\/FamilleFaisant_Ps_Rouge_Authentique-copie.png\",\"contentUrl\":\"https:\\\/\\\/famillefaisant.com\\\/wp-content\\\/uploads\\\/2022\\\/02\\\/FamilleFaisant_Ps_Rouge_Authentique-copie.png\",\"width\":2486,\"height\":2486,\"caption\":\"Famille Faisant Authentique rouge\"},{\"@type\":\"BreadcrumbList\",\"@id\":\"https:\\\/\\\/famillefaisant.com\\\/produit\\\/authentique\\\/#breadcrumb\",\"itemListElement\":[{\"@type\":\"ListItem\",\"position\":1,\"name\":\"Accueil\",\"item\":\"https:\\\/\\\/famillefaisant.com\\\/\"},{\"@type\":\"ListItem\",\"position\":2,\"name\":\"Produits\",\"item\":\"https:\\\/\\\/famillefaisant.com\\\/shop\\\/\"},{\"@type\":\"ListItem\",\"position\":3,\"name\":\"L&rsquo;Authentique\"}]},{\"@type\":\"WebSite\",\"@id\":\"https:\\\/\\\/famillefaisant.com\\\/#website\",\"url\":\"https:\\\/\\\/famillefaisant.com\\\/\",\"name\":\"Famille FAISANT\",\"description\":\"Vigneron authentique\",\"publisher\":{\"@id\":\"https:\\\/\\\/famillefaisant.com\\\/#organization\"},\"potentialAction\":[{\"@type\":\"SearchAction\",\"target\":{\"@type\":\"EntryPoint\",\"urlTemplate\":\"https:\\\/\\\/famillefaisant.com\\\/?s={search_term_string}\"},\"query-input\":{\"@type\":\"PropertyValueSpecification\",\"valueRequired\":true,\"valueName\":\"search_term_string\"}}],\"inLanguage\":\"en-GB\"},{\"@type\":\"Organization\",\"@id\":\"https:\\\/\\\/famillefaisant.com\\\/#organization\",\"name\":\"Famille Faisant | Domaine Sainte C\u00e9cile du Parc\",\"url\":\"https:\\\/\\\/famillefaisant.com\\\/\",\"logo\":{\"@type\":\"ImageObject\",\"inLanguage\":\"en-GB\",\"@id\":\"https:\\\/\\\/famillefaisant.com\\\/#\\\/schema\\\/logo\\\/image\\\/\",\"url\":\"https:\\\/\\\/famillefaisant.com\\\/wp-content\\\/uploads\\\/2021\\\/10\\\/Chemin-Faisant_Logo.png\",\"contentUrl\":\"https:\\\/\\\/famillefaisant.com\\\/wp-content\\\/uploads\\\/2021\\\/10\\\/Chemin-Faisant_Logo.png\",\"width\":1500,\"height\":1385,\"caption\":\"Famille Faisant | Domaine Sainte C\u00e9cile du Parc\"},\"image\":{\"@id\":\"https:\\\/\\\/famillefaisant.com\\\/#\\\/schema\\\/logo\\\/image\\\/\"},\"sameAs\":[\"https:\\\/\\\/www.facebook.com\\\/famillefaisant\",\"https:\\\/\\\/www.instagram.com\\\/famillefaisant\\\/\"]}]}<\/script>\n<!-- \/ Yoast SEO plugin. -->","yoast_head_json":{"title":"Famille FAISANT | L'Authentique","description":"Nos vins sont \u00e9labor\u00e9s avec passion, il s\u2019agit d\u2019un enfant qui n\u00e9 chaque ann\u00e9e et que l\u2019on accompagne dans le temps.","robots":{"index":"index","follow":"follow","max-snippet":"max-snippet:-1","max-image-preview":"max-image-preview:large","max-video-preview":"max-video-preview:-1"},"canonical":"https:\/\/famillefaisant.com\/en_en\/product\/authentique\/","og_locale":"en_GB","og_type":"article","og_title":"Famille FAISANT | L'Authentique","og_description":"Nos vins sont \u00e9labor\u00e9s avec passion, il s\u2019agit d\u2019un enfant qui n\u00e9 chaque ann\u00e9e et que l\u2019on accompagne dans le temps.","og_url":"https:\/\/famillefaisant.com\/en_en\/product\/authentique\/","og_site_name":"Famille FAISANT","article_publisher":"https:\/\/www.facebook.com\/famillefaisant","article_modified_time":"2025-12-11T15:02:41+00:00","og_image":[{"width":2486,"height":2486,"url":"https:\/\/famillefaisant.com\/wp-content\/uploads\/2022\/02\/FamilleFaisant_Ps_Rouge_Authentique-copie.png","type":"image\/png"}],"twitter_card":"summary_large_image","twitter_misc":{"Estimated reading time":"1 minute"},"schema":{"@context":"https:\/\/schema.org","@graph":[{"@type":"WebPage","@id":"https:\/\/famillefaisant.com\/produit\/authentique\/","url":"https:\/\/famillefaisant.com\/produit\/authentique\/","name":"Famille FAISANT | L'Authentique","isPartOf":{"@id":"https:\/\/famillefaisant.com\/#website"},"primaryImageOfPage":{"@id":"https:\/\/famillefaisant.com\/produit\/authentique\/#primaryimage"},"image":{"@id":"https:\/\/famillefaisant.com\/produit\/authentique\/#primaryimage"},"thumbnailUrl":"https:\/\/famillefaisant.com\/wp-content\/uploads\/2022\/02\/FamilleFaisant_Ps_Rouge_Authentique-copie.png","datePublished":"2024-11-12T15:19:06+00:00","dateModified":"2025-12-11T15:02:41+00:00","description":"Nos vins sont \u00e9labor\u00e9s avec passion, il s\u2019agit d\u2019un enfant qui n\u00e9 chaque ann\u00e9e et que l\u2019on accompagne dans le temps.","breadcrumb":{"@id":"https:\/\/famillefaisant.com\/produit\/authentique\/#breadcrumb"},"inLanguage":"en-GB","potentialAction":[{"@type":"ReadAction","target":["https:\/\/famillefaisant.com\/produit\/authentique\/"]}]},{"@type":"ImageObject","inLanguage":"en-GB","@id":"https:\/\/famillefaisant.com\/produit\/authentique\/#primaryimage","url":"https:\/\/famillefaisant.com\/wp-content\/uploads\/2022\/02\/FamilleFaisant_Ps_Rouge_Authentique-copie.png","contentUrl":"https:\/\/famillefaisant.com\/wp-content\/uploads\/2022\/02\/FamilleFaisant_Ps_Rouge_Authentique-copie.png","width":2486,"height":2486,"caption":"Famille Faisant Authentique rouge"},{"@type":"BreadcrumbList","@id":"https:\/\/famillefaisant.com\/produit\/authentique\/#breadcrumb","itemListElement":[{"@type":"ListItem","position":1,"name":"Accueil","item":"https:\/\/famillefaisant.com\/"},{"@type":"ListItem","position":2,"name":"Produits","item":"https:\/\/famillefaisant.com\/shop\/"},{"@type":"ListItem","position":3,"name":"L&rsquo;Authentique"}]},{"@type":"WebSite","@id":"https:\/\/famillefaisant.com\/#website","url":"https:\/\/famillefaisant.com\/","name":"Famille FAISANT","description":"Vigneron authentique","publisher":{"@id":"https:\/\/famillefaisant.com\/#organization"},"potentialAction":[{"@type":"SearchAction","target":{"@type":"EntryPoint","urlTemplate":"https:\/\/famillefaisant.com\/?s={search_term_string}"},"query-input":{"@type":"PropertyValueSpecification","valueRequired":true,"valueName":"search_term_string"}}],"inLanguage":"en-GB"},{"@type":"Organization","@id":"https:\/\/famillefaisant.com\/#organization","name":"Famille Faisant | Domaine Sainte C\u00e9cile du Parc","url":"https:\/\/famillefaisant.com\/","logo":{"@type":"ImageObject","inLanguage":"en-GB","@id":"https:\/\/famillefaisant.com\/#\/schema\/logo\/image\/","url":"https:\/\/famillefaisant.com\/wp-content\/uploads\/2021\/10\/Chemin-Faisant_Logo.png","contentUrl":"https:\/\/famillefaisant.com\/wp-content\/uploads\/2021\/10\/Chemin-Faisant_Logo.png","width":1500,"height":1385,"caption":"Famille Faisant | Domaine Sainte C\u00e9cile du Parc"},"image":{"@id":"https:\/\/famillefaisant.com\/#\/schema\/logo\/image\/"},"sameAs":["https:\/\/www.facebook.com\/famillefaisant","https:\/\/www.instagram.com\/famillefaisant\/"]}]}},"jetpack_sharing_enabled":true,"_links":{"self":[{"href":"https:\/\/famillefaisant.com\/en_en\/wp-json\/wp\/v2\/product\/166","targetHints":{"allow":["GET"]}}],"collection":[{"href":"https:\/\/famillefaisant.com\/en_en\/wp-json\/wp\/v2\/product"}],"about":[{"href":"https:\/\/famillefaisant.com\/en_en\/wp-json\/wp\/v2\/types\/product"}],"wp:featuredmedia":[{"embeddable":true,"href":"https:\/\/famillefaisant.com\/en_en\/wp-json\/wp\/v2\/media\/491"}],"wp:attachment":[{"href":"https:\/\/famillefaisant.com\/en_en\/wp-json\/wp\/v2\/media?parent=166"}],"wp:term":[{"taxonomy":"product_brand","embeddable":true,"href":"https:\/\/famillefaisant.com\/en_en\/wp-json\/wp\/v2\/product_brand?post=166"},{"taxonomy":"product_cat","embeddable":true,"href":"https:\/\/famillefaisant.com\/en_en\/wp-json\/wp\/v2\/product_cat?post=166"},{"taxonomy":"product_tag","embeddable":true,"href":"https:\/\/famillefaisant.com\/en_en\/wp-json\/wp\/v2\/product_tag?post=166"}],"curies":[{"name":"wp","href":"https:\/\/api.w.org\/{rel}","templated":true}]}}