{"id":535,"date":"2022-06-20T16:40:05","date_gmt":"2022-06-20T14:40:05","guid":{"rendered":"https:\/\/famillefaisant.com\/?post_type=product&#038;p=535"},"modified":"2025-12-11T10:41:36","modified_gmt":"2025-12-11T09:41:36","slug":"le-sens-du-partage","status":"publish","type":"product","link":"https:\/\/famillefaisant.com\/en_en\/product\/le-sens-du-partage\/","title":{"rendered":"Le sens du partage"},"content":{"rendered":"<p><strong>C\u00e9pages :<\/strong> 100% Grenache noir<br \/>\n<strong>Robe :<\/strong> Naturellement p\u00e2le, l\u00e9g\u00e8rement saumon\u00e9e<br \/>\n<strong>Nez :<\/strong> Ces d\u00e9licieuses notes jouent sur une gamme de fruits gourmands et de bonbon \u00e0 la fraise.<br \/>\n<strong>Bouche :<\/strong> Compos\u00e9e de p\u00eaches blanches, de fraises et d&rsquo;agrumes. Belle acidit\u00e9 et jolie longueur en bouche.<br \/>\n<strong>Accords mets-vins :<\/strong>\u00a0Ceviche de Sole, cuisine m\u00e9diterran\u00e9enne , tian de l\u00e9gumes, bruschetta au jambon de Parme.<\/p>\n<p>A savoir : notre vin ros\u00e9 a \u00e9t\u00e9 m\u00e9daill\u00e9 argent par le concours mondial de Bruxelles !<\/p>\n<figure id=\"attachment_1076\" aria-describedby=\"caption-attachment-1076\" style=\"width: 169px\" class=\"wp-caption alignnone\"><img decoding=\"async\" class=\"wp-image-1076\" src=\"https:\/\/famillefaisant.com\/wp-content\/uploads\/2024\/05\/Capture-decran-2024-05-23-a-16.17.56-229x300.png\" alt=\"m\u00e9daille or ros\u00e9 famille faisant\" width=\"169\" height=\"221\" srcset=\"https:\/\/famillefaisant.com\/wp-content\/uploads\/2024\/05\/Capture-decran-2024-05-23-a-16.17.56-229x300.png 229w, https:\/\/famillefaisant.com\/wp-content\/uploads\/2024\/05\/Capture-decran-2024-05-23-a-16.17.56-600x786.png 600w, https:\/\/famillefaisant.com\/wp-content\/uploads\/2024\/05\/Capture-decran-2024-05-23-a-16.17.56-782x1024.png 782w, https:\/\/famillefaisant.com\/wp-content\/uploads\/2024\/05\/Capture-decran-2024-05-23-a-16.17.56-768x1006.png 768w, https:\/\/famillefaisant.com\/wp-content\/uploads\/2024\/05\/Capture-decran-2024-05-23-a-16.17.56-9x12.png 9w, https:\/\/famillefaisant.com\/wp-content\/uploads\/2024\/05\/Capture-decran-2024-05-23-a-16.17.56.png 1092w\" sizes=\"(max-width: 169px) 100vw, 169px\" \/><figcaption id=\"caption-attachment-1076\" class=\"wp-caption-text\">M\u00e9daille argent concours mondial de Bruxelles pour le ros\u00e9 famille Faisant<\/figcaption><\/figure>","protected":false},"excerpt":{"rendered":"<p><a href=\"https:\/\/famillefaisant.com\/wp-content\/uploads\/2022\/06\/Telecharger-la-fiche-technique.pdf\">T\u00e9l\u00e9charger la fiche technique<\/a><\/p>","protected":false},"featured_media":488,"template":"","meta":[],"product_brand":[],"product_cat":[25],"product_tag":[],"class_list":{"0":"post-535","1":"product","2":"type-product","3":"status-publish","4":"has-post-thumbnail","6":"product_cat-vins-rose","8":"first","9":"outofstock","10":"shipping-taxable","11":"purchasable","12":"product-type-variable"},"yoast_head":"<!-- This site is optimized with the Yoast SEO plugin v27.3 - https:\/\/yoast.com\/product\/yoast-seo-wordpress\/ -->\n<title>Famille FAISANT | Le sens du partage<\/title>\n<meta name=\"description\" content=\"Nos vins sont \u00e9labor\u00e9s avec passion, il s\u2019agit d\u2019un enfant qui n\u00e9 chaque ann\u00e9e et que l\u2019on accompagne dans le temps.\" \/>\n<meta name=\"robots\" content=\"index, follow, max-snippet:-1, max-image-preview:large, max-video-preview:-1\" \/>\n<link rel=\"canonical\" href=\"https:\/\/famillefaisant.com\/en_en\/product\/le-sens-du-partage\/\" \/>\n<meta property=\"og:locale\" content=\"en_GB\" \/>\n<meta property=\"og:type\" content=\"article\" \/>\n<meta property=\"og:title\" content=\"Famille FAISANT | Le sens du partage\" \/>\n<meta property=\"og:description\" content=\"Nos vins sont \u00e9labor\u00e9s avec passion, il s\u2019agit d\u2019un enfant qui n\u00e9 chaque ann\u00e9e et que l\u2019on accompagne dans le temps.\" \/>\n<meta property=\"og:url\" content=\"https:\/\/famillefaisant.com\/en_en\/product\/le-sens-du-partage\/\" \/>\n<meta property=\"og:site_name\" content=\"Famille FAISANT\" \/>\n<meta property=\"article:publisher\" content=\"https:\/\/www.facebook.com\/famillefaisant\" \/>\n<meta property=\"article:modified_time\" content=\"2025-12-11T09:41:36+00:00\" \/>\n<meta property=\"og:image\" content=\"https:\/\/famillefaisant.com\/wp-content\/uploads\/2022\/02\/FamilleFaisant_Ps_Rose_SensPartage.png\" \/>\n\t<meta property=\"og:image:width\" content=\"2486\" \/>\n\t<meta property=\"og:image:height\" content=\"2486\" \/>\n\t<meta property=\"og:image:type\" content=\"image\/png\" \/>\n<meta name=\"twitter:card\" content=\"summary_large_image\" \/>\n<meta name=\"twitter:label1\" content=\"Estimated reading time\" \/>\n\t<meta name=\"twitter:data1\" content=\"1 minute\" \/>\n<script type=\"application\/ld+json\" class=\"yoast-schema-graph\">{\"@context\":\"https:\\\/\\\/schema.org\",\"@graph\":[{\"@type\":\"WebPage\",\"@id\":\"https:\\\/\\\/famillefaisant.com\\\/produit\\\/le-sens-du-partage\\\/\",\"url\":\"https:\\\/\\\/famillefaisant.com\\\/produit\\\/le-sens-du-partage\\\/\",\"name\":\"Famille FAISANT | Le sens du partage\",\"isPartOf\":{\"@id\":\"https:\\\/\\\/famillefaisant.com\\\/#website\"},\"primaryImageOfPage\":{\"@id\":\"https:\\\/\\\/famillefaisant.com\\\/produit\\\/le-sens-du-partage\\\/#primaryimage\"},\"image\":{\"@id\":\"https:\\\/\\\/famillefaisant.com\\\/produit\\\/le-sens-du-partage\\\/#primaryimage\"},\"thumbnailUrl\":\"https:\\\/\\\/famillefaisant.com\\\/wp-content\\\/uploads\\\/2022\\\/02\\\/FamilleFaisant_Ps_Rose_SensPartage.png\",\"datePublished\":\"2022-06-20T14:40:05+00:00\",\"dateModified\":\"2025-12-11T09:41:36+00:00\",\"description\":\"Nos vins sont \u00e9labor\u00e9s avec passion, il s\u2019agit d\u2019un enfant qui n\u00e9 chaque ann\u00e9e et que l\u2019on accompagne dans le temps.\",\"breadcrumb\":{\"@id\":\"https:\\\/\\\/famillefaisant.com\\\/produit\\\/le-sens-du-partage\\\/#breadcrumb\"},\"inLanguage\":\"en-GB\",\"potentialAction\":[{\"@type\":\"ReadAction\",\"target\":[\"https:\\\/\\\/famillefaisant.com\\\/produit\\\/le-sens-du-partage\\\/\"]}]},{\"@type\":\"ImageObject\",\"inLanguage\":\"en-GB\",\"@id\":\"https:\\\/\\\/famillefaisant.com\\\/produit\\\/le-sens-du-partage\\\/#primaryimage\",\"url\":\"https:\\\/\\\/famillefaisant.com\\\/wp-content\\\/uploads\\\/2022\\\/02\\\/FamilleFaisant_Ps_Rose_SensPartage.png\",\"contentUrl\":\"https:\\\/\\\/famillefaisant.com\\\/wp-content\\\/uploads\\\/2022\\\/02\\\/FamilleFaisant_Ps_Rose_SensPartage.png\",\"width\":2486,\"height\":2486,\"caption\":\"Famille Faisant Sens du Partage ros\u00e9\"},{\"@type\":\"BreadcrumbList\",\"@id\":\"https:\\\/\\\/famillefaisant.com\\\/produit\\\/le-sens-du-partage\\\/#breadcrumb\",\"itemListElement\":[{\"@type\":\"ListItem\",\"position\":1,\"name\":\"Accueil\",\"item\":\"https:\\\/\\\/famillefaisant.com\\\/\"},{\"@type\":\"ListItem\",\"position\":2,\"name\":\"Produits\",\"item\":\"https:\\\/\\\/famillefaisant.com\\\/shop\\\/\"},{\"@type\":\"ListItem\",\"position\":3,\"name\":\"Le sens du partage\"}]},{\"@type\":\"WebSite\",\"@id\":\"https:\\\/\\\/famillefaisant.com\\\/#website\",\"url\":\"https:\\\/\\\/famillefaisant.com\\\/\",\"name\":\"Famille FAISANT\",\"description\":\"Vigneron authentique\",\"publisher\":{\"@id\":\"https:\\\/\\\/famillefaisant.com\\\/#organization\"},\"potentialAction\":[{\"@type\":\"SearchAction\",\"target\":{\"@type\":\"EntryPoint\",\"urlTemplate\":\"https:\\\/\\\/famillefaisant.com\\\/?s={search_term_string}\"},\"query-input\":{\"@type\":\"PropertyValueSpecification\",\"valueRequired\":true,\"valueName\":\"search_term_string\"}}],\"inLanguage\":\"en-GB\"},{\"@type\":\"Organization\",\"@id\":\"https:\\\/\\\/famillefaisant.com\\\/#organization\",\"name\":\"Famille Faisant | Domaine Sainte C\u00e9cile du Parc\",\"url\":\"https:\\\/\\\/famillefaisant.com\\\/\",\"logo\":{\"@type\":\"ImageObject\",\"inLanguage\":\"en-GB\",\"@id\":\"https:\\\/\\\/famillefaisant.com\\\/#\\\/schema\\\/logo\\\/image\\\/\",\"url\":\"https:\\\/\\\/famillefaisant.com\\\/wp-content\\\/uploads\\\/2021\\\/10\\\/Chemin-Faisant_Logo.png\",\"contentUrl\":\"https:\\\/\\\/famillefaisant.com\\\/wp-content\\\/uploads\\\/2021\\\/10\\\/Chemin-Faisant_Logo.png\",\"width\":1500,\"height\":1385,\"caption\":\"Famille Faisant | Domaine Sainte C\u00e9cile du Parc\"},\"image\":{\"@id\":\"https:\\\/\\\/famillefaisant.com\\\/#\\\/schema\\\/logo\\\/image\\\/\"},\"sameAs\":[\"https:\\\/\\\/www.facebook.com\\\/famillefaisant\",\"https:\\\/\\\/www.instagram.com\\\/famillefaisant\\\/\"]}]}<\/script>\n<!-- \/ Yoast SEO plugin. -->","yoast_head_json":{"title":"Famille FAISANT | Le sens du partage","description":"Nos vins sont \u00e9labor\u00e9s avec passion, il s\u2019agit d\u2019un enfant qui n\u00e9 chaque ann\u00e9e et que l\u2019on accompagne dans le temps.","robots":{"index":"index","follow":"follow","max-snippet":"max-snippet:-1","max-image-preview":"max-image-preview:large","max-video-preview":"max-video-preview:-1"},"canonical":"https:\/\/famillefaisant.com\/en_en\/product\/le-sens-du-partage\/","og_locale":"en_GB","og_type":"article","og_title":"Famille FAISANT | Le sens du partage","og_description":"Nos vins sont \u00e9labor\u00e9s avec passion, il s\u2019agit d\u2019un enfant qui n\u00e9 chaque ann\u00e9e et que l\u2019on accompagne dans le temps.","og_url":"https:\/\/famillefaisant.com\/en_en\/product\/le-sens-du-partage\/","og_site_name":"Famille FAISANT","article_publisher":"https:\/\/www.facebook.com\/famillefaisant","article_modified_time":"2025-12-11T09:41:36+00:00","og_image":[{"width":2486,"height":2486,"url":"https:\/\/famillefaisant.com\/wp-content\/uploads\/2022\/02\/FamilleFaisant_Ps_Rose_SensPartage.png","type":"image\/png"}],"twitter_card":"summary_large_image","twitter_misc":{"Estimated reading time":"1 minute"},"schema":{"@context":"https:\/\/schema.org","@graph":[{"@type":"WebPage","@id":"https:\/\/famillefaisant.com\/produit\/le-sens-du-partage\/","url":"https:\/\/famillefaisant.com\/produit\/le-sens-du-partage\/","name":"Famille FAISANT | Le sens du partage","isPartOf":{"@id":"https:\/\/famillefaisant.com\/#website"},"primaryImageOfPage":{"@id":"https:\/\/famillefaisant.com\/produit\/le-sens-du-partage\/#primaryimage"},"image":{"@id":"https:\/\/famillefaisant.com\/produit\/le-sens-du-partage\/#primaryimage"},"thumbnailUrl":"https:\/\/famillefaisant.com\/wp-content\/uploads\/2022\/02\/FamilleFaisant_Ps_Rose_SensPartage.png","datePublished":"2022-06-20T14:40:05+00:00","dateModified":"2025-12-11T09:41:36+00:00","description":"Nos vins sont \u00e9labor\u00e9s avec passion, il s\u2019agit d\u2019un enfant qui n\u00e9 chaque ann\u00e9e et que l\u2019on accompagne dans le temps.","breadcrumb":{"@id":"https:\/\/famillefaisant.com\/produit\/le-sens-du-partage\/#breadcrumb"},"inLanguage":"en-GB","potentialAction":[{"@type":"ReadAction","target":["https:\/\/famillefaisant.com\/produit\/le-sens-du-partage\/"]}]},{"@type":"ImageObject","inLanguage":"en-GB","@id":"https:\/\/famillefaisant.com\/produit\/le-sens-du-partage\/#primaryimage","url":"https:\/\/famillefaisant.com\/wp-content\/uploads\/2022\/02\/FamilleFaisant_Ps_Rose_SensPartage.png","contentUrl":"https:\/\/famillefaisant.com\/wp-content\/uploads\/2022\/02\/FamilleFaisant_Ps_Rose_SensPartage.png","width":2486,"height":2486,"caption":"Famille Faisant Sens du Partage ros\u00e9"},{"@type":"BreadcrumbList","@id":"https:\/\/famillefaisant.com\/produit\/le-sens-du-partage\/#breadcrumb","itemListElement":[{"@type":"ListItem","position":1,"name":"Accueil","item":"https:\/\/famillefaisant.com\/"},{"@type":"ListItem","position":2,"name":"Produits","item":"https:\/\/famillefaisant.com\/shop\/"},{"@type":"ListItem","position":3,"name":"Le sens du partage"}]},{"@type":"WebSite","@id":"https:\/\/famillefaisant.com\/#website","url":"https:\/\/famillefaisant.com\/","name":"Famille FAISANT","description":"Vigneron authentique","publisher":{"@id":"https:\/\/famillefaisant.com\/#organization"},"potentialAction":[{"@type":"SearchAction","target":{"@type":"EntryPoint","urlTemplate":"https:\/\/famillefaisant.com\/?s={search_term_string}"},"query-input":{"@type":"PropertyValueSpecification","valueRequired":true,"valueName":"search_term_string"}}],"inLanguage":"en-GB"},{"@type":"Organization","@id":"https:\/\/famillefaisant.com\/#organization","name":"Famille Faisant | Domaine Sainte C\u00e9cile du Parc","url":"https:\/\/famillefaisant.com\/","logo":{"@type":"ImageObject","inLanguage":"en-GB","@id":"https:\/\/famillefaisant.com\/#\/schema\/logo\/image\/","url":"https:\/\/famillefaisant.com\/wp-content\/uploads\/2021\/10\/Chemin-Faisant_Logo.png","contentUrl":"https:\/\/famillefaisant.com\/wp-content\/uploads\/2021\/10\/Chemin-Faisant_Logo.png","width":1500,"height":1385,"caption":"Famille Faisant | Domaine Sainte C\u00e9cile du Parc"},"image":{"@id":"https:\/\/famillefaisant.com\/#\/schema\/logo\/image\/"},"sameAs":["https:\/\/www.facebook.com\/famillefaisant","https:\/\/www.instagram.com\/famillefaisant\/"]}]}},"jetpack_sharing_enabled":true,"_links":{"self":[{"href":"https:\/\/famillefaisant.com\/en_en\/wp-json\/wp\/v2\/product\/535","targetHints":{"allow":["GET"]}}],"collection":[{"href":"https:\/\/famillefaisant.com\/en_en\/wp-json\/wp\/v2\/product"}],"about":[{"href":"https:\/\/famillefaisant.com\/en_en\/wp-json\/wp\/v2\/types\/product"}],"wp:featuredmedia":[{"embeddable":true,"href":"https:\/\/famillefaisant.com\/en_en\/wp-json\/wp\/v2\/media\/488"}],"wp:attachment":[{"href":"https:\/\/famillefaisant.com\/en_en\/wp-json\/wp\/v2\/media?parent=535"}],"wp:term":[{"taxonomy":"product_brand","embeddable":true,"href":"https:\/\/famillefaisant.com\/en_en\/wp-json\/wp\/v2\/product_brand?post=535"},{"taxonomy":"product_cat","embeddable":true,"href":"https:\/\/famillefaisant.com\/en_en\/wp-json\/wp\/v2\/product_cat?post=535"},{"taxonomy":"product_tag","embeddable":true,"href":"https:\/\/famillefaisant.com\/en_en\/wp-json\/wp\/v2\/product_tag?post=535"}],"curies":[{"name":"wp","href":"https:\/\/api.w.org\/{rel}","templated":true}]}}