{"id":804,"date":"2023-04-17T16:06:53","date_gmt":"2023-04-17T14:06:53","guid":{"rendered":"https:\/\/famillefaisant.com\/?post_type=product&#038;p=804"},"modified":"2024-05-24T12:13:19","modified_gmt":"2024-05-24T10:13:19","slug":"un-rien-dephemere-rose","status":"publish","type":"product","link":"https:\/\/famillefaisant.com\/en_en\/product\/un-rien-dephemere-rose\/","title":{"rendered":"Eclat de joie"},"content":{"rendered":"<p><strong>C\u00e9pages : <\/strong>Grenache<br \/>\n<strong>Robe : <\/strong>Rose framboise tr\u00e8s l\u00e9g\u00e8re<br \/>\n<strong>Nez : <\/strong>Fruit rouge avec un jolie cot\u00e9 vanill\u00e9<br \/>\n<strong>Bouche : <\/strong>Grasse avec une grande sucrosit\u00e9<br \/>\n<strong>Accords mets-vins : <\/strong>Vous le d\u00e9gusterez l&rsquo;ap\u00e9ro bien frais, et aussi avec de la viande blanche et de la charcuterie.<\/p>","protected":false},"excerpt":{"rendered":"<p><a href=\"https:\/\/famillefaisant.com\/wp-content\/uploads\/2024\/01\/4.png\" target=\"_blank\" rel=\"noopener\">T\u00e9l\u00e9chargez la fiche technique<\/a><\/p>","protected":false},"featured_media":1089,"template":"","meta":[],"product_brand":[],"product_cat":[25],"product_tag":[],"class_list":{"0":"post-804","1":"product","2":"type-product","3":"status-publish","4":"has-post-thumbnail","6":"product_cat-vins-rose","8":"first","9":"instock","10":"shipping-taxable","11":"purchasable","12":"product-type-variable"},"yoast_head":"<!-- This site is optimized with the Yoast SEO plugin v27.3 - https:\/\/yoast.com\/product\/yoast-seo-wordpress\/ -->\n<title>Famille FAISANT | Eclat de joie<\/title>\n<meta name=\"description\" content=\"Nos vins sont \u00e9labor\u00e9s avec passion, il s\u2019agit d\u2019un enfant qui n\u00e9 chaque ann\u00e9e et que l\u2019on accompagne dans le temps.\" \/>\n<meta name=\"robots\" content=\"index, follow, max-snippet:-1, max-image-preview:large, max-video-preview:-1\" \/>\n<link rel=\"canonical\" href=\"https:\/\/famillefaisant.com\/en_en\/product\/un-rien-dephemere-rose\/\" \/>\n<meta property=\"og:locale\" content=\"en_GB\" \/>\n<meta property=\"og:type\" content=\"article\" \/>\n<meta property=\"og:title\" content=\"Famille FAISANT | Eclat de joie\" \/>\n<meta property=\"og:description\" content=\"Nos vins sont \u00e9labor\u00e9s avec passion, il s\u2019agit d\u2019un enfant qui n\u00e9 chaque ann\u00e9e et que l\u2019on accompagne dans le temps.\" \/>\n<meta property=\"og:url\" content=\"https:\/\/famillefaisant.com\/en_en\/product\/un-rien-dephemere-rose\/\" \/>\n<meta property=\"og:site_name\" content=\"Famille FAISANT\" \/>\n<meta property=\"article:publisher\" content=\"https:\/\/www.facebook.com\/famillefaisant\" \/>\n<meta property=\"article:modified_time\" content=\"2024-05-24T10:13:19+00:00\" \/>\n<meta property=\"og:image\" content=\"https:\/\/famillefaisant.com\/wp-content\/uploads\/2023\/04\/Domaine-Sainte-Cecile-du-Parc-Leclat-de-joie.png\" \/>\n\t<meta property=\"og:image:width\" content=\"600\" \/>\n\t<meta property=\"og:image:height\" content=\"600\" \/>\n\t<meta property=\"og:image:type\" content=\"image\/png\" \/>\n<meta name=\"twitter:card\" content=\"summary_large_image\" \/>\n<meta name=\"twitter:label1\" content=\"Estimated reading time\" \/>\n\t<meta name=\"twitter:data1\" content=\"1 minute\" \/>\n<script type=\"application\/ld+json\" class=\"yoast-schema-graph\">{\"@context\":\"https:\\\/\\\/schema.org\",\"@graph\":[{\"@type\":\"WebPage\",\"@id\":\"https:\\\/\\\/famillefaisant.com\\\/produit\\\/un-rien-dephemere-rose\\\/\",\"url\":\"https:\\\/\\\/famillefaisant.com\\\/produit\\\/un-rien-dephemere-rose\\\/\",\"name\":\"Famille FAISANT | Eclat de joie\",\"isPartOf\":{\"@id\":\"https:\\\/\\\/famillefaisant.com\\\/#website\"},\"primaryImageOfPage\":{\"@id\":\"https:\\\/\\\/famillefaisant.com\\\/produit\\\/un-rien-dephemere-rose\\\/#primaryimage\"},\"image\":{\"@id\":\"https:\\\/\\\/famillefaisant.com\\\/produit\\\/un-rien-dephemere-rose\\\/#primaryimage\"},\"thumbnailUrl\":\"https:\\\/\\\/famillefaisant.com\\\/wp-content\\\/uploads\\\/2023\\\/04\\\/Domaine-Sainte-Cecile-du-Parc-Leclat-de-joie.png\",\"datePublished\":\"2023-04-17T14:06:53+00:00\",\"dateModified\":\"2024-05-24T10:13:19+00:00\",\"description\":\"Nos vins sont \u00e9labor\u00e9s avec passion, il s\u2019agit d\u2019un enfant qui n\u00e9 chaque ann\u00e9e et que l\u2019on accompagne dans le temps.\",\"breadcrumb\":{\"@id\":\"https:\\\/\\\/famillefaisant.com\\\/produit\\\/un-rien-dephemere-rose\\\/#breadcrumb\"},\"inLanguage\":\"en-GB\",\"potentialAction\":[{\"@type\":\"ReadAction\",\"target\":[\"https:\\\/\\\/famillefaisant.com\\\/produit\\\/un-rien-dephemere-rose\\\/\"]}]},{\"@type\":\"ImageObject\",\"inLanguage\":\"en-GB\",\"@id\":\"https:\\\/\\\/famillefaisant.com\\\/produit\\\/un-rien-dephemere-rose\\\/#primaryimage\",\"url\":\"https:\\\/\\\/famillefaisant.com\\\/wp-content\\\/uploads\\\/2023\\\/04\\\/Domaine-Sainte-Cecile-du-Parc-Leclat-de-joie.png\",\"contentUrl\":\"https:\\\/\\\/famillefaisant.com\\\/wp-content\\\/uploads\\\/2023\\\/04\\\/Domaine-Sainte-Cecile-du-Parc-Leclat-de-joie.png\",\"width\":600,\"height\":600,\"caption\":\"Domaine Sainte C\u00e9cile du Parc L'\u00e9clat de joie ros\u00e9\"},{\"@type\":\"BreadcrumbList\",\"@id\":\"https:\\\/\\\/famillefaisant.com\\\/produit\\\/un-rien-dephemere-rose\\\/#breadcrumb\",\"itemListElement\":[{\"@type\":\"ListItem\",\"position\":1,\"name\":\"Accueil\",\"item\":\"https:\\\/\\\/famillefaisant.com\\\/\"},{\"@type\":\"ListItem\",\"position\":2,\"name\":\"Produits\",\"item\":\"https:\\\/\\\/famillefaisant.com\\\/shop\\\/\"},{\"@type\":\"ListItem\",\"position\":3,\"name\":\"Eclat de joie\"}]},{\"@type\":\"WebSite\",\"@id\":\"https:\\\/\\\/famillefaisant.com\\\/#website\",\"url\":\"https:\\\/\\\/famillefaisant.com\\\/\",\"name\":\"Famille FAISANT\",\"description\":\"Vigneron authentique\",\"publisher\":{\"@id\":\"https:\\\/\\\/famillefaisant.com\\\/#organization\"},\"potentialAction\":[{\"@type\":\"SearchAction\",\"target\":{\"@type\":\"EntryPoint\",\"urlTemplate\":\"https:\\\/\\\/famillefaisant.com\\\/?s={search_term_string}\"},\"query-input\":{\"@type\":\"PropertyValueSpecification\",\"valueRequired\":true,\"valueName\":\"search_term_string\"}}],\"inLanguage\":\"en-GB\"},{\"@type\":\"Organization\",\"@id\":\"https:\\\/\\\/famillefaisant.com\\\/#organization\",\"name\":\"Famille Faisant | Domaine Sainte C\u00e9cile du Parc\",\"url\":\"https:\\\/\\\/famillefaisant.com\\\/\",\"logo\":{\"@type\":\"ImageObject\",\"inLanguage\":\"en-GB\",\"@id\":\"https:\\\/\\\/famillefaisant.com\\\/#\\\/schema\\\/logo\\\/image\\\/\",\"url\":\"https:\\\/\\\/famillefaisant.com\\\/wp-content\\\/uploads\\\/2021\\\/10\\\/Chemin-Faisant_Logo.png\",\"contentUrl\":\"https:\\\/\\\/famillefaisant.com\\\/wp-content\\\/uploads\\\/2021\\\/10\\\/Chemin-Faisant_Logo.png\",\"width\":1500,\"height\":1385,\"caption\":\"Famille Faisant | Domaine Sainte C\u00e9cile du Parc\"},\"image\":{\"@id\":\"https:\\\/\\\/famillefaisant.com\\\/#\\\/schema\\\/logo\\\/image\\\/\"},\"sameAs\":[\"https:\\\/\\\/www.facebook.com\\\/famillefaisant\",\"https:\\\/\\\/www.instagram.com\\\/famillefaisant\\\/\"]}]}<\/script>\n<!-- \/ Yoast SEO plugin. -->","yoast_head_json":{"title":"Famille FAISANT | Eclat de joie","description":"Nos vins sont \u00e9labor\u00e9s avec passion, il s\u2019agit d\u2019un enfant qui n\u00e9 chaque ann\u00e9e et que l\u2019on accompagne dans le temps.","robots":{"index":"index","follow":"follow","max-snippet":"max-snippet:-1","max-image-preview":"max-image-preview:large","max-video-preview":"max-video-preview:-1"},"canonical":"https:\/\/famillefaisant.com\/en_en\/product\/un-rien-dephemere-rose\/","og_locale":"en_GB","og_type":"article","og_title":"Famille FAISANT | Eclat de joie","og_description":"Nos vins sont \u00e9labor\u00e9s avec passion, il s\u2019agit d\u2019un enfant qui n\u00e9 chaque ann\u00e9e et que l\u2019on accompagne dans le temps.","og_url":"https:\/\/famillefaisant.com\/en_en\/product\/un-rien-dephemere-rose\/","og_site_name":"Famille FAISANT","article_publisher":"https:\/\/www.facebook.com\/famillefaisant","article_modified_time":"2024-05-24T10:13:19+00:00","og_image":[{"width":600,"height":600,"url":"https:\/\/famillefaisant.com\/wp-content\/uploads\/2023\/04\/Domaine-Sainte-Cecile-du-Parc-Leclat-de-joie.png","type":"image\/png"}],"twitter_card":"summary_large_image","twitter_misc":{"Estimated reading time":"1 minute"},"schema":{"@context":"https:\/\/schema.org","@graph":[{"@type":"WebPage","@id":"https:\/\/famillefaisant.com\/produit\/un-rien-dephemere-rose\/","url":"https:\/\/famillefaisant.com\/produit\/un-rien-dephemere-rose\/","name":"Famille FAISANT | Eclat de joie","isPartOf":{"@id":"https:\/\/famillefaisant.com\/#website"},"primaryImageOfPage":{"@id":"https:\/\/famillefaisant.com\/produit\/un-rien-dephemere-rose\/#primaryimage"},"image":{"@id":"https:\/\/famillefaisant.com\/produit\/un-rien-dephemere-rose\/#primaryimage"},"thumbnailUrl":"https:\/\/famillefaisant.com\/wp-content\/uploads\/2023\/04\/Domaine-Sainte-Cecile-du-Parc-Leclat-de-joie.png","datePublished":"2023-04-17T14:06:53+00:00","dateModified":"2024-05-24T10:13:19+00:00","description":"Nos vins sont \u00e9labor\u00e9s avec passion, il s\u2019agit d\u2019un enfant qui n\u00e9 chaque ann\u00e9e et que l\u2019on accompagne dans le temps.","breadcrumb":{"@id":"https:\/\/famillefaisant.com\/produit\/un-rien-dephemere-rose\/#breadcrumb"},"inLanguage":"en-GB","potentialAction":[{"@type":"ReadAction","target":["https:\/\/famillefaisant.com\/produit\/un-rien-dephemere-rose\/"]}]},{"@type":"ImageObject","inLanguage":"en-GB","@id":"https:\/\/famillefaisant.com\/produit\/un-rien-dephemere-rose\/#primaryimage","url":"https:\/\/famillefaisant.com\/wp-content\/uploads\/2023\/04\/Domaine-Sainte-Cecile-du-Parc-Leclat-de-joie.png","contentUrl":"https:\/\/famillefaisant.com\/wp-content\/uploads\/2023\/04\/Domaine-Sainte-Cecile-du-Parc-Leclat-de-joie.png","width":600,"height":600,"caption":"Domaine Sainte C\u00e9cile du Parc L'\u00e9clat de joie ros\u00e9"},{"@type":"BreadcrumbList","@id":"https:\/\/famillefaisant.com\/produit\/un-rien-dephemere-rose\/#breadcrumb","itemListElement":[{"@type":"ListItem","position":1,"name":"Accueil","item":"https:\/\/famillefaisant.com\/"},{"@type":"ListItem","position":2,"name":"Produits","item":"https:\/\/famillefaisant.com\/shop\/"},{"@type":"ListItem","position":3,"name":"Eclat de joie"}]},{"@type":"WebSite","@id":"https:\/\/famillefaisant.com\/#website","url":"https:\/\/famillefaisant.com\/","name":"Famille FAISANT","description":"Vigneron authentique","publisher":{"@id":"https:\/\/famillefaisant.com\/#organization"},"potentialAction":[{"@type":"SearchAction","target":{"@type":"EntryPoint","urlTemplate":"https:\/\/famillefaisant.com\/?s={search_term_string}"},"query-input":{"@type":"PropertyValueSpecification","valueRequired":true,"valueName":"search_term_string"}}],"inLanguage":"en-GB"},{"@type":"Organization","@id":"https:\/\/famillefaisant.com\/#organization","name":"Famille Faisant | Domaine Sainte C\u00e9cile du Parc","url":"https:\/\/famillefaisant.com\/","logo":{"@type":"ImageObject","inLanguage":"en-GB","@id":"https:\/\/famillefaisant.com\/#\/schema\/logo\/image\/","url":"https:\/\/famillefaisant.com\/wp-content\/uploads\/2021\/10\/Chemin-Faisant_Logo.png","contentUrl":"https:\/\/famillefaisant.com\/wp-content\/uploads\/2021\/10\/Chemin-Faisant_Logo.png","width":1500,"height":1385,"caption":"Famille Faisant | Domaine Sainte C\u00e9cile du Parc"},"image":{"@id":"https:\/\/famillefaisant.com\/#\/schema\/logo\/image\/"},"sameAs":["https:\/\/www.facebook.com\/famillefaisant","https:\/\/www.instagram.com\/famillefaisant\/"]}]}},"jetpack_sharing_enabled":true,"_links":{"self":[{"href":"https:\/\/famillefaisant.com\/en_en\/wp-json\/wp\/v2\/product\/804","targetHints":{"allow":["GET"]}}],"collection":[{"href":"https:\/\/famillefaisant.com\/en_en\/wp-json\/wp\/v2\/product"}],"about":[{"href":"https:\/\/famillefaisant.com\/en_en\/wp-json\/wp\/v2\/types\/product"}],"wp:featuredmedia":[{"embeddable":true,"href":"https:\/\/famillefaisant.com\/en_en\/wp-json\/wp\/v2\/media\/1089"}],"wp:attachment":[{"href":"https:\/\/famillefaisant.com\/en_en\/wp-json\/wp\/v2\/media?parent=804"}],"wp:term":[{"taxonomy":"product_brand","embeddable":true,"href":"https:\/\/famillefaisant.com\/en_en\/wp-json\/wp\/v2\/product_brand?post=804"},{"taxonomy":"product_cat","embeddable":true,"href":"https:\/\/famillefaisant.com\/en_en\/wp-json\/wp\/v2\/product_cat?post=804"},{"taxonomy":"product_tag","embeddable":true,"href":"https:\/\/famillefaisant.com\/en_en\/wp-json\/wp\/v2\/product_tag?post=804"}],"curies":[{"name":"wp","href":"https:\/\/api.w.org\/{rel}","templated":true}]}}