{"id":807,"date":"2023-04-17T16:08:50","date_gmt":"2023-04-17T14:08:50","guid":{"rendered":"https:\/\/famillefaisant.com\/?post_type=product&#038;p=807"},"modified":"2024-05-29T09:40:20","modified_gmt":"2024-05-29T07:40:20","slug":"un-rien-dephemere-rouge","status":"publish","type":"product","link":"https:\/\/famillefaisant.com\/en_en\/product\/un-rien-dephemere-rouge\/","title":{"rendered":"Un rien d&rsquo;\u00e9ph\u00e9m\u00e8re"},"content":{"rendered":"<p><strong>C\u00e9pages : <\/strong>100% cinsault<br \/>\n<strong>Robe : <\/strong>tr\u00e8s claire<br \/>\n<strong>Nez : <\/strong>Il d\u00e9veloppe des ar\u00f4mes fins et complexes de fruits rouges<br \/>\n<strong>Bouche : <\/strong>beaucoup de sucrosit\u00e9, vin \u00e9l\u00e9gant et gras<br \/>\n<strong>Accords mets-vins : <\/strong>Vous le d\u00e9gusterez avec de la charcuterie ou bien de la viande blanche<\/p>","protected":false},"excerpt":{"rendered":"<p><a href=\"https:\/\/famillefaisant.com\/wp-content\/uploads\/2024\/01\/3.png\" target=\"_blank\" rel=\"noopener\">T\u00e9l\u00e9chargez la fiche technique<\/a><\/p>","protected":false},"featured_media":802,"template":"","meta":[],"product_brand":[],"product_cat":[23],"product_tag":[],"class_list":{"0":"post-807","1":"product","2":"type-product","3":"status-publish","4":"has-post-thumbnail","6":"product_cat-vins-rouge","8":"first","9":"instock","10":"shipping-taxable","11":"purchasable","12":"product-type-variable"},"yoast_head":"<!-- This site is optimized with the Yoast SEO plugin v27.3 - https:\/\/yoast.com\/product\/yoast-seo-wordpress\/ -->\n<title>Famille FAISANT | Un rien d&#039;\u00e9ph\u00e9m\u00e8re<\/title>\n<meta name=\"description\" content=\"Nos vins sont \u00e9labor\u00e9s avec passion, il s\u2019agit d\u2019un enfant qui n\u00e9 chaque ann\u00e9e et que l\u2019on accompagne dans le temps.\" \/>\n<meta name=\"robots\" content=\"index, follow, max-snippet:-1, max-image-preview:large, max-video-preview:-1\" \/>\n<link rel=\"canonical\" href=\"https:\/\/famillefaisant.com\/en_en\/product\/un-rien-dephemere-rouge\/\" \/>\n<meta property=\"og:locale\" content=\"en_GB\" \/>\n<meta property=\"og:type\" content=\"article\" \/>\n<meta property=\"og:title\" content=\"Famille FAISANT | Un rien d&#039;\u00e9ph\u00e9m\u00e8re\" \/>\n<meta property=\"og:description\" content=\"Nos vins sont \u00e9labor\u00e9s avec passion, il s\u2019agit d\u2019un enfant qui n\u00e9 chaque ann\u00e9e et que l\u2019on accompagne dans le temps.\" \/>\n<meta property=\"og:url\" content=\"https:\/\/famillefaisant.com\/en_en\/product\/un-rien-dephemere-rouge\/\" \/>\n<meta property=\"og:site_name\" content=\"Famille FAISANT\" \/>\n<meta property=\"article:publisher\" content=\"https:\/\/www.facebook.com\/famillefaisant\" \/>\n<meta property=\"article:modified_time\" content=\"2024-05-29T07:40:20+00:00\" \/>\n<meta property=\"og:image\" content=\"https:\/\/famillefaisant.com\/wp-content\/uploads\/2023\/04\/FamilleFaisant_un-rien-ephemere-rouge.png\" \/>\n\t<meta property=\"og:image:width\" content=\"2486\" \/>\n\t<meta property=\"og:image:height\" content=\"2486\" \/>\n\t<meta property=\"og:image:type\" content=\"image\/png\" \/>\n<meta name=\"twitter:card\" content=\"summary_large_image\" \/>\n<meta name=\"twitter:label1\" content=\"Estimated reading time\" \/>\n\t<meta name=\"twitter:data1\" content=\"1 minute\" \/>\n<script type=\"application\/ld+json\" class=\"yoast-schema-graph\">{\"@context\":\"https:\\\/\\\/schema.org\",\"@graph\":[{\"@type\":\"WebPage\",\"@id\":\"https:\\\/\\\/famillefaisant.com\\\/produit\\\/un-rien-dephemere-rouge\\\/\",\"url\":\"https:\\\/\\\/famillefaisant.com\\\/produit\\\/un-rien-dephemere-rouge\\\/\",\"name\":\"Famille FAISANT | Un rien d'\u00e9ph\u00e9m\u00e8re\",\"isPartOf\":{\"@id\":\"https:\\\/\\\/famillefaisant.com\\\/#website\"},\"primaryImageOfPage\":{\"@id\":\"https:\\\/\\\/famillefaisant.com\\\/produit\\\/un-rien-dephemere-rouge\\\/#primaryimage\"},\"image\":{\"@id\":\"https:\\\/\\\/famillefaisant.com\\\/produit\\\/un-rien-dephemere-rouge\\\/#primaryimage\"},\"thumbnailUrl\":\"https:\\\/\\\/famillefaisant.com\\\/wp-content\\\/uploads\\\/2023\\\/04\\\/FamilleFaisant_un-rien-ephemere-rouge.png\",\"datePublished\":\"2023-04-17T14:08:50+00:00\",\"dateModified\":\"2024-05-29T07:40:20+00:00\",\"description\":\"Nos vins sont \u00e9labor\u00e9s avec passion, il s\u2019agit d\u2019un enfant qui n\u00e9 chaque ann\u00e9e et que l\u2019on accompagne dans le temps.\",\"breadcrumb\":{\"@id\":\"https:\\\/\\\/famillefaisant.com\\\/produit\\\/un-rien-dephemere-rouge\\\/#breadcrumb\"},\"inLanguage\":\"en-GB\",\"potentialAction\":[{\"@type\":\"ReadAction\",\"target\":[\"https:\\\/\\\/famillefaisant.com\\\/produit\\\/un-rien-dephemere-rouge\\\/\"]}]},{\"@type\":\"ImageObject\",\"inLanguage\":\"en-GB\",\"@id\":\"https:\\\/\\\/famillefaisant.com\\\/produit\\\/un-rien-dephemere-rouge\\\/#primaryimage\",\"url\":\"https:\\\/\\\/famillefaisant.com\\\/wp-content\\\/uploads\\\/2023\\\/04\\\/FamilleFaisant_un-rien-ephemere-rouge.png\",\"contentUrl\":\"https:\\\/\\\/famillefaisant.com\\\/wp-content\\\/uploads\\\/2023\\\/04\\\/FamilleFaisant_un-rien-ephemere-rouge.png\",\"width\":2486,\"height\":2486,\"caption\":\"Famille faisant Un rien d'\u00e9ph\u00e9m\u00e8re rouge\"},{\"@type\":\"BreadcrumbList\",\"@id\":\"https:\\\/\\\/famillefaisant.com\\\/produit\\\/un-rien-dephemere-rouge\\\/#breadcrumb\",\"itemListElement\":[{\"@type\":\"ListItem\",\"position\":1,\"name\":\"Accueil\",\"item\":\"https:\\\/\\\/famillefaisant.com\\\/\"},{\"@type\":\"ListItem\",\"position\":2,\"name\":\"Produits\",\"item\":\"https:\\\/\\\/famillefaisant.com\\\/shop\\\/\"},{\"@type\":\"ListItem\",\"position\":3,\"name\":\"Un rien d&rsquo;\u00e9ph\u00e9m\u00e8re\"}]},{\"@type\":\"WebSite\",\"@id\":\"https:\\\/\\\/famillefaisant.com\\\/#website\",\"url\":\"https:\\\/\\\/famillefaisant.com\\\/\",\"name\":\"Famille FAISANT\",\"description\":\"Vigneron authentique\",\"publisher\":{\"@id\":\"https:\\\/\\\/famillefaisant.com\\\/#organization\"},\"potentialAction\":[{\"@type\":\"SearchAction\",\"target\":{\"@type\":\"EntryPoint\",\"urlTemplate\":\"https:\\\/\\\/famillefaisant.com\\\/?s={search_term_string}\"},\"query-input\":{\"@type\":\"PropertyValueSpecification\",\"valueRequired\":true,\"valueName\":\"search_term_string\"}}],\"inLanguage\":\"en-GB\"},{\"@type\":\"Organization\",\"@id\":\"https:\\\/\\\/famillefaisant.com\\\/#organization\",\"name\":\"Famille Faisant | Domaine Sainte C\u00e9cile du Parc\",\"url\":\"https:\\\/\\\/famillefaisant.com\\\/\",\"logo\":{\"@type\":\"ImageObject\",\"inLanguage\":\"en-GB\",\"@id\":\"https:\\\/\\\/famillefaisant.com\\\/#\\\/schema\\\/logo\\\/image\\\/\",\"url\":\"https:\\\/\\\/famillefaisant.com\\\/wp-content\\\/uploads\\\/2021\\\/10\\\/Chemin-Faisant_Logo.png\",\"contentUrl\":\"https:\\\/\\\/famillefaisant.com\\\/wp-content\\\/uploads\\\/2021\\\/10\\\/Chemin-Faisant_Logo.png\",\"width\":1500,\"height\":1385,\"caption\":\"Famille Faisant | Domaine Sainte C\u00e9cile du Parc\"},\"image\":{\"@id\":\"https:\\\/\\\/famillefaisant.com\\\/#\\\/schema\\\/logo\\\/image\\\/\"},\"sameAs\":[\"https:\\\/\\\/www.facebook.com\\\/famillefaisant\",\"https:\\\/\\\/www.instagram.com\\\/famillefaisant\\\/\"]}]}<\/script>\n<!-- \/ Yoast SEO plugin. -->","yoast_head_json":{"title":"Famille FAISANT | Un rien d'\u00e9ph\u00e9m\u00e8re","description":"Nos vins sont \u00e9labor\u00e9s avec passion, il s\u2019agit d\u2019un enfant qui n\u00e9 chaque ann\u00e9e et que l\u2019on accompagne dans le temps.","robots":{"index":"index","follow":"follow","max-snippet":"max-snippet:-1","max-image-preview":"max-image-preview:large","max-video-preview":"max-video-preview:-1"},"canonical":"https:\/\/famillefaisant.com\/en_en\/product\/un-rien-dephemere-rouge\/","og_locale":"en_GB","og_type":"article","og_title":"Famille FAISANT | Un rien d'\u00e9ph\u00e9m\u00e8re","og_description":"Nos vins sont \u00e9labor\u00e9s avec passion, il s\u2019agit d\u2019un enfant qui n\u00e9 chaque ann\u00e9e et que l\u2019on accompagne dans le temps.","og_url":"https:\/\/famillefaisant.com\/en_en\/product\/un-rien-dephemere-rouge\/","og_site_name":"Famille FAISANT","article_publisher":"https:\/\/www.facebook.com\/famillefaisant","article_modified_time":"2024-05-29T07:40:20+00:00","og_image":[{"width":2486,"height":2486,"url":"https:\/\/famillefaisant.com\/wp-content\/uploads\/2023\/04\/FamilleFaisant_un-rien-ephemere-rouge.png","type":"image\/png"}],"twitter_card":"summary_large_image","twitter_misc":{"Estimated reading time":"1 minute"},"schema":{"@context":"https:\/\/schema.org","@graph":[{"@type":"WebPage","@id":"https:\/\/famillefaisant.com\/produit\/un-rien-dephemere-rouge\/","url":"https:\/\/famillefaisant.com\/produit\/un-rien-dephemere-rouge\/","name":"Famille FAISANT | Un rien d'\u00e9ph\u00e9m\u00e8re","isPartOf":{"@id":"https:\/\/famillefaisant.com\/#website"},"primaryImageOfPage":{"@id":"https:\/\/famillefaisant.com\/produit\/un-rien-dephemere-rouge\/#primaryimage"},"image":{"@id":"https:\/\/famillefaisant.com\/produit\/un-rien-dephemere-rouge\/#primaryimage"},"thumbnailUrl":"https:\/\/famillefaisant.com\/wp-content\/uploads\/2023\/04\/FamilleFaisant_un-rien-ephemere-rouge.png","datePublished":"2023-04-17T14:08:50+00:00","dateModified":"2024-05-29T07:40:20+00:00","description":"Nos vins sont \u00e9labor\u00e9s avec passion, il s\u2019agit d\u2019un enfant qui n\u00e9 chaque ann\u00e9e et que l\u2019on accompagne dans le temps.","breadcrumb":{"@id":"https:\/\/famillefaisant.com\/produit\/un-rien-dephemere-rouge\/#breadcrumb"},"inLanguage":"en-GB","potentialAction":[{"@type":"ReadAction","target":["https:\/\/famillefaisant.com\/produit\/un-rien-dephemere-rouge\/"]}]},{"@type":"ImageObject","inLanguage":"en-GB","@id":"https:\/\/famillefaisant.com\/produit\/un-rien-dephemere-rouge\/#primaryimage","url":"https:\/\/famillefaisant.com\/wp-content\/uploads\/2023\/04\/FamilleFaisant_un-rien-ephemere-rouge.png","contentUrl":"https:\/\/famillefaisant.com\/wp-content\/uploads\/2023\/04\/FamilleFaisant_un-rien-ephemere-rouge.png","width":2486,"height":2486,"caption":"Famille faisant Un rien d'\u00e9ph\u00e9m\u00e8re rouge"},{"@type":"BreadcrumbList","@id":"https:\/\/famillefaisant.com\/produit\/un-rien-dephemere-rouge\/#breadcrumb","itemListElement":[{"@type":"ListItem","position":1,"name":"Accueil","item":"https:\/\/famillefaisant.com\/"},{"@type":"ListItem","position":2,"name":"Produits","item":"https:\/\/famillefaisant.com\/shop\/"},{"@type":"ListItem","position":3,"name":"Un rien d&rsquo;\u00e9ph\u00e9m\u00e8re"}]},{"@type":"WebSite","@id":"https:\/\/famillefaisant.com\/#website","url":"https:\/\/famillefaisant.com\/","name":"Famille FAISANT","description":"Vigneron authentique","publisher":{"@id":"https:\/\/famillefaisant.com\/#organization"},"potentialAction":[{"@type":"SearchAction","target":{"@type":"EntryPoint","urlTemplate":"https:\/\/famillefaisant.com\/?s={search_term_string}"},"query-input":{"@type":"PropertyValueSpecification","valueRequired":true,"valueName":"search_term_string"}}],"inLanguage":"en-GB"},{"@type":"Organization","@id":"https:\/\/famillefaisant.com\/#organization","name":"Famille Faisant | Domaine Sainte C\u00e9cile du Parc","url":"https:\/\/famillefaisant.com\/","logo":{"@type":"ImageObject","inLanguage":"en-GB","@id":"https:\/\/famillefaisant.com\/#\/schema\/logo\/image\/","url":"https:\/\/famillefaisant.com\/wp-content\/uploads\/2021\/10\/Chemin-Faisant_Logo.png","contentUrl":"https:\/\/famillefaisant.com\/wp-content\/uploads\/2021\/10\/Chemin-Faisant_Logo.png","width":1500,"height":1385,"caption":"Famille Faisant | Domaine Sainte C\u00e9cile du Parc"},"image":{"@id":"https:\/\/famillefaisant.com\/#\/schema\/logo\/image\/"},"sameAs":["https:\/\/www.facebook.com\/famillefaisant","https:\/\/www.instagram.com\/famillefaisant\/"]}]}},"jetpack_sharing_enabled":true,"_links":{"self":[{"href":"https:\/\/famillefaisant.com\/en_en\/wp-json\/wp\/v2\/product\/807","targetHints":{"allow":["GET"]}}],"collection":[{"href":"https:\/\/famillefaisant.com\/en_en\/wp-json\/wp\/v2\/product"}],"about":[{"href":"https:\/\/famillefaisant.com\/en_en\/wp-json\/wp\/v2\/types\/product"}],"wp:featuredmedia":[{"embeddable":true,"href":"https:\/\/famillefaisant.com\/en_en\/wp-json\/wp\/v2\/media\/802"}],"wp:attachment":[{"href":"https:\/\/famillefaisant.com\/en_en\/wp-json\/wp\/v2\/media?parent=807"}],"wp:term":[{"taxonomy":"product_brand","embeddable":true,"href":"https:\/\/famillefaisant.com\/en_en\/wp-json\/wp\/v2\/product_brand?post=807"},{"taxonomy":"product_cat","embeddable":true,"href":"https:\/\/famillefaisant.com\/en_en\/wp-json\/wp\/v2\/product_cat?post=807"},{"taxonomy":"product_tag","embeddable":true,"href":"https:\/\/famillefaisant.com\/en_en\/wp-json\/wp\/v2\/product_tag?post=807"}],"curies":[{"name":"wp","href":"https:\/\/api.w.org\/{rel}","templated":true}]}}